{"id":8021,"date":"2016-10-13T14:37:37","date_gmt":"2016-10-13T13:37:37","guid":{"rendered":"http:\/\/montreux-vieux.net\/?page_id=8021"},"modified":"2016-10-13T14:37:37","modified_gmt":"2016-10-13T13:37:37","slug":"les-agriculteurs-montreusiens-autrefois","status":"publish","type":"page","link":"https:\/\/montreux-vieux.net\/?page_id=8021","title":{"rendered":"Les agriculteurs montreusiens autrefois"},"content":{"rendered":"<h3 style=\"text-align: center;\">Les agriculteurs montreusiens autrefois<\/h3>\n<p><a href=\"http:\/\/montreux-vieux.net\/montreux-vieux.net\/wp-content\/uploads\/2015\/05\/ScreenShot548.jpg\" target=\"_blank\"><img loading=\"lazy\" decoding=\"async\" class=\"aligncenter wp-image-5688 size-full\" src=\"http:\/\/montreux-vieux.net\/montreux-vieux.net\/wp-content\/uploads\/2015\/05\/ScreenShot548.jpg\" alt=\"ScreenShot548\" width=\"226\" height=\"157\" \/><\/a><\/p>\n<h4>Autrefois Montreux-Vieux comptait plusieurs agriculteurs mais depuis une vingtaine d\u2019ann\u00e9es il n\u2019en existe plus aucune.\u00a0 Les plus importants \u00e9taient\u00a0:<\/h4>\n<h4>Moreth Alo\u00efse, Hattenberger Eug\u00e8ne, Cuenin Paul, Holbein Emile, Schleier Jean, Besan\u00e7on Edmond, Lalev\u00e9e Roger, Gentine Antoine, Walazyck Joseph, Cuenin Edouard, Kirchoffer Fr\u00e9d\u00e9ric<\/h4>\n<h4>D\u2019autres exer\u00e7aient \u00e9galement ou accessoirement\u00a0mais les exploitations \u00e9taient tr\u00e8qs petites. Comme par exemple\u00a0:<\/h4>\n<h4>Jolidon, Wilhelm, Wimmer Georges, Sutter Xavier, Cuenin (anciennement De Vittori), Cuenin Marie, Charbonnier Lucien, Specht Paul, Mangolte Gustave, Saunier Paul, Schirch Aloyse, Montpont Joseph.<\/h4>\n","protected":false},"excerpt":{"rendered":"<p>Les agriculteurs montreusiens autrefois Autrefois Montreux-Vieux comptait plusieurs agriculteurs mais depuis une vingtaine d\u2019ann\u00e9es il n\u2019en existe plus aucune.\u00a0 Les plus importants \u00e9taient\u00a0: Moreth Alo\u00efse, Hattenberger Eug\u00e8ne, Cuenin Paul, Holbein Emile, Schleier Jean, Besan\u00e7on Edmond, Lalev\u00e9e Roger, Gentine Antoine, Walazyck &hellip; <a href=\"https:\/\/montreux-vieux.net\/?page_id=8021\">Continuer la lecture <span class=\"meta-nav\">&rarr;<\/span><\/a><\/p>\n","protected":false},"author":1,"featured_media":0,"parent":1502,"menu_order":18,"comment_status":"closed","ping_status":"open","template":"","meta":{"footnotes":""},"class_list":["post-8021","page","type-page","status-publish","hentry"],"_links":{"self":[{"href":"https:\/\/montreux-vieux.net\/index.php?rest_route=\/wp\/v2\/pages\/8021","targetHints":{"allow":["GET"]}}],"collection":[{"href":"https:\/\/montreux-vieux.net\/index.php?rest_route=\/wp\/v2\/pages"}],"about":[{"href":"https:\/\/montreux-vieux.net\/index.php?rest_route=\/wp\/v2\/types\/page"}],"author":[{"embeddable":true,"href":"https:\/\/montreux-vieux.net\/index.php?rest_route=\/wp\/v2\/users\/1"}],"replies":[{"embeddable":true,"href":"https:\/\/montreux-vieux.net\/index.php?rest_route=%2Fwp%2Fv2%2Fcomments&post=8021"}],"version-history":[{"count":1,"href":"https:\/\/montreux-vieux.net\/index.php?rest_route=\/wp\/v2\/pages\/8021\/revisions"}],"predecessor-version":[{"id":8022,"href":"https:\/\/montreux-vieux.net\/index.php?rest_route=\/wp\/v2\/pages\/8021\/revisions\/8022"}],"up":[{"embeddable":true,"href":"https:\/\/montreux-vieux.net\/index.php?rest_route=\/wp\/v2\/pages\/1502"}],"wp:attachment":[{"href":"https:\/\/montreux-vieux.net\/index.php?rest_route=%2Fwp%2Fv2%2Fmedia&parent=8021"}],"curies":[{"name":"wp","href":"https:\/\/api.w.org\/{rel}","templated":true}]}}