{"id":8258,"date":"2016-10-25T13:55:20","date_gmt":"2016-10-25T12:55:20","guid":{"rendered":"http:\/\/montreux-vieux.net\/?page_id=8258"},"modified":"2017-05-11T06:00:43","modified_gmt":"2017-05-11T05:00:43","slug":"le-saviez-vous-autrefois-il-y-avait-une-couturiere-a-montreux-vieux","status":"publish","type":"page","link":"https:\/\/montreux-vieux.net\/?page_id=8258","title":{"rendered":"Le saviez-vous ? Autrefois il y avait des couturi\u00e8res \u00e0 Montreux-Vieux"},"content":{"rendered":"<h3 style=\"text-align: center;\">Le saviez-vous ? Autrefois il y avait des\u00a0couturi\u00e8res \u00e0 Montreux-Vieux<\/h3>\n<h4 style=\"text-align: justify;\">La \u00a0couturi\u00e8re ne se contentait pas seulement de coudre. Son travail n&rsquo;est en effet pas tr\u00e8s \u00e9loign\u00e9 de celui du tailleur. Lors de l\u2019apparition de la machine \u00e0 coudre, elles se sont appel\u00e9es couturi\u00e8res m\u00e9caniciennes. Au 19\u00e8me et 20\u00e8me si\u00e8cle, beaucoup de femmes c\u00e9libataires, de filles m\u00e8res ou de veuves ont trouv\u00e9 dans cette profession le moyen de gagner leur vie et celle de leurs enfants.<br \/>\nBeaucoup d\u2019ouvri\u00e8res travaillaient comme couturi\u00e8res dans les ateliers de confection ou dans des ateliers de haute couture (on les appelait alors \u00ab petites mains \u00bb)<\/h4>\n<h4 style=\"text-align: justify;\">A Montreux-Vieux Madame Lucie Berchtold avait son atelier de couturi\u00e8re \u00e0 son domicile, rue de la Gare et transmettait le m\u00e9tier \u00e0 \u00a0plusieurs apprenties dont Germaine M\u00e9rian \u00e9pouse Seiler. Il y avait \u00e9galement Madame Bogni qui exer\u00e7ait dans la maison Zinck Paul dans la Grand&rsquo;Rue.<\/h4>\n<p style=\"text-align: center;\"><a href=\"http:\/\/montreux-vieux.net\/montreux-vieux.net\/wp-content\/uploads\/2016\/10\/Le-m\u00e9tier-de-couturi\u00e8re.jpg\" target=\"_blank\" rel=\"noopener noreferrer\"><img loading=\"lazy\" decoding=\"async\" class=\"aligncenter wp-image-8255 size-full\" src=\"http:\/\/montreux-vieux.net\/montreux-vieux.net\/wp-content\/uploads\/2016\/10\/Le-m\u00e9tier-de-couturi\u00e8re.jpg\" alt=\"Le m\u00e9tier de couturi\u00e8re \" width=\"945\" height=\"756\" srcset=\"https:\/\/montreux-vieux.net\/montreux-vieux.net\/wp-content\/uploads\/2016\/10\/Le-m\u00e9tier-de-couturi\u00e8re.jpg 945w, https:\/\/montreux-vieux.net\/montreux-vieux.net\/wp-content\/uploads\/2016\/10\/Le-m\u00e9tier-de-couturi\u00e8re-300x240.jpg 300w, https:\/\/montreux-vieux.net\/montreux-vieux.net\/wp-content\/uploads\/2016\/10\/Le-m\u00e9tier-de-couturi\u00e8re-768x614.jpg 768w, https:\/\/montreux-vieux.net\/montreux-vieux.net\/wp-content\/uploads\/2016\/10\/Le-m\u00e9tier-de-couturi\u00e8re-600x480.jpg 600w\" sizes=\"auto, (max-width: 945px) 100vw, 945px\" \/><\/a><\/p>\n","protected":false},"excerpt":{"rendered":"<p>Le saviez-vous ? Autrefois il y avait des\u00a0couturi\u00e8res \u00e0 Montreux-Vieux La \u00a0couturi\u00e8re ne se contentait pas seulement de coudre. Son travail n&rsquo;est en effet pas tr\u00e8s \u00e9loign\u00e9 de celui du tailleur. Lors de l\u2019apparition de la machine \u00e0 coudre, elles &hellip; <a href=\"https:\/\/montreux-vieux.net\/?page_id=8258\">Continuer la lecture <span class=\"meta-nav\">&rarr;<\/span><\/a><\/p>\n","protected":false},"author":1,"featured_media":0,"parent":1502,"menu_order":20,"comment_status":"closed","ping_status":"open","template":"","meta":{"footnotes":""},"class_list":["post-8258","page","type-page","status-publish","hentry"],"_links":{"self":[{"href":"https:\/\/montreux-vieux.net\/index.php?rest_route=\/wp\/v2\/pages\/8258","targetHints":{"allow":["GET"]}}],"collection":[{"href":"https:\/\/montreux-vieux.net\/index.php?rest_route=\/wp\/v2\/pages"}],"about":[{"href":"https:\/\/montreux-vieux.net\/index.php?rest_route=\/wp\/v2\/types\/page"}],"author":[{"embeddable":true,"href":"https:\/\/montreux-vieux.net\/index.php?rest_route=\/wp\/v2\/users\/1"}],"replies":[{"embeddable":true,"href":"https:\/\/montreux-vieux.net\/index.php?rest_route=%2Fwp%2Fv2%2Fcomments&post=8258"}],"version-history":[{"count":3,"href":"https:\/\/montreux-vieux.net\/index.php?rest_route=\/wp\/v2\/pages\/8258\/revisions"}],"predecessor-version":[{"id":9083,"href":"https:\/\/montreux-vieux.net\/index.php?rest_route=\/wp\/v2\/pages\/8258\/revisions\/9083"}],"up":[{"embeddable":true,"href":"https:\/\/montreux-vieux.net\/index.php?rest_route=\/wp\/v2\/pages\/1502"}],"wp:attachment":[{"href":"https:\/\/montreux-vieux.net\/index.php?rest_route=%2Fwp%2Fv2%2Fmedia&parent=8258"}],"curies":[{"name":"wp","href":"https:\/\/api.w.org\/{rel}","templated":true}]}}