{"id":8381,"date":"2016-11-02T16:33:19","date_gmt":"2016-11-02T15:33:19","guid":{"rendered":"http:\/\/montreux-vieux.net\/?page_id=8381"},"modified":"2019-01-02T14:50:57","modified_gmt":"2019-01-02T13:50:57","slug":"le-saviez-vous-un-wagon-postal-chaque-jour-a-montreux-vieux-2","status":"publish","type":"page","link":"https:\/\/montreux-vieux.net\/?page_id=8381","title":{"rendered":"Le saviez-vous ? Un wagon postal chaque jour \u00e0 Montreux-Vieux"},"content":{"rendered":"<h3 style=\"text-align: center;\">Le saviez-vous ? Un wagon postal chaque jour \u00e0 Montreux-Vieux<\/h3>\n<h4 style=\"text-align: justify;\">Durant la guerre 1939 &#8211; 1945 un wagon postal avec du personnel stationnait chaque jour de 14h \u00e0 17 h, \u00e0 la gauche du passage \u00e0 niveau pr\u00e8s de ch\u00e2teau d&rsquo;eau de la SNCF. L&rsquo;ensemble du courrier, colis etc&#8230; du secteur de Montreux-Vieux \u00e9tait collect\u00e9 puis achemin\u00e9 sur Mulhouse. Le train partait vers 17h et s&rsquo;arr\u00eatait dans les plus grandes gares situ\u00e9es sur le passage du train circulant&nbsp; de Montreux-Vieux \u00e0 Mulhouse pour r\u00e9cup\u00e9rer d&rsquo;autres sacs postaux. Ces wagons \u00e9taient \u00e9quip\u00e9s de mani\u00e8re \u00e0 ce que le tri puisse se faire durant le trajet.<\/h4>\n<p><a href=\"http:\/\/montreux-vieux.net\/montreux-vieux.net\/wp-content\/uploads\/2016\/10\/PARISIAN-1.jpg\" target=\"_blank\" rel=\"noopener\"><img loading=\"lazy\" decoding=\"async\" class=\"aligncenter wp-image-7903 size-full\" src=\"http:\/\/montreux-vieux.net\/montreux-vieux.net\/wp-content\/uploads\/2016\/10\/PARISIAN-1.jpg\" alt=\"Wagon postal allemand\" width=\"944\" height=\"755\" srcset=\"https:\/\/montreux-vieux.net\/montreux-vieux.net\/wp-content\/uploads\/2016\/10\/PARISIAN-1.jpg 944w, https:\/\/montreux-vieux.net\/montreux-vieux.net\/wp-content\/uploads\/2016\/10\/PARISIAN-1-300x240.jpg 300w, https:\/\/montreux-vieux.net\/montreux-vieux.net\/wp-content\/uploads\/2016\/10\/PARISIAN-1-768x614.jpg 768w, https:\/\/montreux-vieux.net\/montreux-vieux.net\/wp-content\/uploads\/2016\/10\/PARISIAN-1-600x480.jpg 600w\" sizes=\"auto, (max-width: 944px) 100vw, 944px\" \/><\/a><\/p>\n<h4 style=\"text-align: justify;\">Sur la ligne Mulhouse-Belfort, par contre les services du train N\u00b0 106 utilisaient le cachet <span class=\"highlightedText\">Altm\u00fcnsterol<\/span> &#8211; M\u00fclhausen. D\u00e8s le mois de mars 1941, le service ambulant utilisait un cachet m\u00e9tallique d\u00e9finitif avec la d\u00e9signation :<\/p>\n<p><a href=\"http:\/\/montreux-vieux.net\/montreux-vieux.net\/wp-content\/uploads\/2018\/10\/ScreenShot1274.jpg\" target=\"_blank\" rel=\"noopener\"><img loading=\"lazy\" decoding=\"async\" class=\"aligncenter wp-image-11235 size-full\" src=\"http:\/\/montreux-vieux.net\/montreux-vieux.net\/wp-content\/uploads\/2018\/10\/ScreenShot1274.jpg\" alt=\"\" width=\"630\" height=\"224\" srcset=\"https:\/\/montreux-vieux.net\/montreux-vieux.net\/wp-content\/uploads\/2018\/10\/ScreenShot1274.jpg 630w, https:\/\/montreux-vieux.net\/montreux-vieux.net\/wp-content\/uploads\/2018\/10\/ScreenShot1274-300x107.jpg 300w, https:\/\/montreux-vieux.net\/montreux-vieux.net\/wp-content\/uploads\/2018\/10\/ScreenShot1274-600x213.jpg 600w\" sizes=\"auto, (max-width: 630px) 100vw, 630px\" \/><\/a>MOLHAUSEN (Els) &#8211; BELFORT<\/p>\n<p>Le service ambulant Mulhouse-Belfort fonctionnait en 1943, deux fois par semaine dans les trains 740-746 ou 743-751.<\/h4>\n","protected":false},"excerpt":{"rendered":"<p>Le saviez-vous ? Un wagon postal chaque jour \u00e0 Montreux-Vieux Durant la guerre 1939 &#8211; 1945 un wagon postal avec du personnel stationnait chaque jour de 14h \u00e0 17 h, \u00e0 la gauche du passage \u00e0 niveau pr\u00e8s de ch\u00e2teau &hellip; <a href=\"https:\/\/montreux-vieux.net\/?page_id=8381\">Continuer la lecture <span class=\"meta-nav\">&rarr;<\/span><\/a><\/p>\n","protected":false},"author":1,"featured_media":0,"parent":12675,"menu_order":18,"comment_status":"closed","ping_status":"open","template":"","meta":{"footnotes":""},"class_list":["post-8381","page","type-page","status-publish","hentry"],"_links":{"self":[{"href":"https:\/\/montreux-vieux.net\/index.php?rest_route=\/wp\/v2\/pages\/8381","targetHints":{"allow":["GET"]}}],"collection":[{"href":"https:\/\/montreux-vieux.net\/index.php?rest_route=\/wp\/v2\/pages"}],"about":[{"href":"https:\/\/montreux-vieux.net\/index.php?rest_route=\/wp\/v2\/types\/page"}],"author":[{"embeddable":true,"href":"https:\/\/montreux-vieux.net\/index.php?rest_route=\/wp\/v2\/users\/1"}],"replies":[{"embeddable":true,"href":"https:\/\/montreux-vieux.net\/index.php?rest_route=%2Fwp%2Fv2%2Fcomments&post=8381"}],"version-history":[{"count":3,"href":"https:\/\/montreux-vieux.net\/index.php?rest_route=\/wp\/v2\/pages\/8381\/revisions"}],"predecessor-version":[{"id":13364,"href":"https:\/\/montreux-vieux.net\/index.php?rest_route=\/wp\/v2\/pages\/8381\/revisions\/13364"}],"up":[{"embeddable":true,"href":"https:\/\/montreux-vieux.net\/index.php?rest_route=\/wp\/v2\/pages\/12675"}],"wp:attachment":[{"href":"https:\/\/montreux-vieux.net\/index.php?rest_route=%2Fwp%2Fv2%2Fmedia&parent=8381"}],"curies":[{"name":"wp","href":"https:\/\/api.w.org\/{rel}","templated":true}]}}