{"id":9091,"date":"2017-05-11T14:11:50","date_gmt":"2017-05-11T13:11:50","guid":{"rendered":"http:\/\/montreux-vieux.net\/?page_id=9091"},"modified":"2017-05-11T14:11:50","modified_gmt":"2017-05-11T13:11:50","slug":"le-saviez-vous-il-y-avait-autrefois-un-fabricant-de-boutons-a-montreux-vieux","status":"publish","type":"page","link":"https:\/\/montreux-vieux.net\/?page_id=9091","title":{"rendered":"Le saviez-vous ? Il y avait autrefois un fabricant de boutons \u00e0 Montreux-Vieux"},"content":{"rendered":"<h3 style=\"text-align: center;\">Le saviez-vous ? Il y avait autrefois un fabricant de boutons<\/h3>\n<h4 style=\"text-align: justify;\">Cuenin Gustave \u00e9tait autrefois fabricant de boutons \u00e0 Montreux-Vieux. Il\u00a0\u00a0figure au Journal Officiel de la R\u00e9publique Fran\u00e7aise en date du 16 avril 1924, sous le num\u00e9ro \u00a08556.<\/h4>\n<h4>Les boutons \u00e9taient fabriqu\u00e9s en diff\u00e9rentes mati\u00e8res: nacre,\u00a0bois, m\u00e9tal, verre, porcelaine, cuir, os &#8230;<\/h4>\n<p style=\"text-align: center;\"><a href=\"http:\/\/montreux-vieux.net\/montreux-vieux.net\/wp-content\/uploads\/2017\/05\/Le-m\u00e9tier-de-couturi\u00e8re-1.jpg\" target=\"_blank\" rel=\"noopener noreferrer\"><img loading=\"lazy\" decoding=\"async\" class=\"aligncenter wp-image-9089 size-full\" src=\"http:\/\/montreux-vieux.net\/montreux-vieux.net\/wp-content\/uploads\/2017\/05\/Le-m\u00e9tier-de-couturi\u00e8re-1.jpg\" alt=\"Le saviez-vous ? Il y avait autrefois un fabricant de boutons \u00e0 Montreux-Vieux\" width=\"945\" height=\"756\" srcset=\"https:\/\/montreux-vieux.net\/montreux-vieux.net\/wp-content\/uploads\/2017\/05\/Le-m\u00e9tier-de-couturi\u00e8re-1.jpg 945w, https:\/\/montreux-vieux.net\/montreux-vieux.net\/wp-content\/uploads\/2017\/05\/Le-m\u00e9tier-de-couturi\u00e8re-1-300x240.jpg 300w, https:\/\/montreux-vieux.net\/montreux-vieux.net\/wp-content\/uploads\/2017\/05\/Le-m\u00e9tier-de-couturi\u00e8re-1-768x614.jpg 768w, https:\/\/montreux-vieux.net\/montreux-vieux.net\/wp-content\/uploads\/2017\/05\/Le-m\u00e9tier-de-couturi\u00e8re-1-600x480.jpg 600w\" sizes=\"auto, (max-width: 945px) 100vw, 945px\" \/><\/a><\/p>\n","protected":false},"excerpt":{"rendered":"<p>Le saviez-vous ? Il y avait autrefois un fabricant de boutons Cuenin Gustave \u00e9tait autrefois fabricant de boutons \u00e0 Montreux-Vieux. Il\u00a0\u00a0figure au Journal Officiel de la R\u00e9publique Fran\u00e7aise en date du 16 avril 1924, sous le num\u00e9ro \u00a08556. Les boutons &hellip; <a href=\"https:\/\/montreux-vieux.net\/?page_id=9091\">Continuer la lecture <span class=\"meta-nav\">&rarr;<\/span><\/a><\/p>\n","protected":false},"author":1,"featured_media":0,"parent":1502,"menu_order":22,"comment_status":"closed","ping_status":"open","template":"","meta":{"footnotes":""},"class_list":["post-9091","page","type-page","status-publish","hentry"],"_links":{"self":[{"href":"https:\/\/montreux-vieux.net\/index.php?rest_route=\/wp\/v2\/pages\/9091","targetHints":{"allow":["GET"]}}],"collection":[{"href":"https:\/\/montreux-vieux.net\/index.php?rest_route=\/wp\/v2\/pages"}],"about":[{"href":"https:\/\/montreux-vieux.net\/index.php?rest_route=\/wp\/v2\/types\/page"}],"author":[{"embeddable":true,"href":"https:\/\/montreux-vieux.net\/index.php?rest_route=\/wp\/v2\/users\/1"}],"replies":[{"embeddable":true,"href":"https:\/\/montreux-vieux.net\/index.php?rest_route=%2Fwp%2Fv2%2Fcomments&post=9091"}],"version-history":[{"count":1,"href":"https:\/\/montreux-vieux.net\/index.php?rest_route=\/wp\/v2\/pages\/9091\/revisions"}],"predecessor-version":[{"id":9092,"href":"https:\/\/montreux-vieux.net\/index.php?rest_route=\/wp\/v2\/pages\/9091\/revisions\/9092"}],"up":[{"embeddable":true,"href":"https:\/\/montreux-vieux.net\/index.php?rest_route=\/wp\/v2\/pages\/1502"}],"wp:attachment":[{"href":"https:\/\/montreux-vieux.net\/index.php?rest_route=%2Fwp%2Fv2%2Fmedia&parent=9091"}],"curies":[{"name":"wp","href":"https:\/\/api.w.org\/{rel}","templated":true}]}}