{"id":9183,"date":"2017-05-27T15:42:42","date_gmt":"2017-05-27T14:42:42","guid":{"rendered":"http:\/\/montreux-vieux.net\/?page_id=9183"},"modified":"2017-05-27T15:42:42","modified_gmt":"2017-05-27T14:42:42","slug":"le-saviez-vous-autrefois-il-y-avait-un-sellier-a-montreux-vieux","status":"publish","type":"page","link":"https:\/\/montreux-vieux.net\/?page_id=9183","title":{"rendered":"Le saviez-vous ? Autrefois il y avait un sellier \u00e0 Montreux-Vieux"},"content":{"rendered":"<h3 style=\"text-align: center;\">Le saviez-vous ? Autrefois il y avait un sellier \u00e0 Montreux-Vieux<\/h3>\n<h4 style=\"text-align: justify;\">Le sellier\u00a0est celui qui fabrique des selles et ouvrage de sellerie comme harnais, coussins, garnitures pour voitures. Il peut \u00eatre sellier-maroquinier, sellier-bourrelier, sellier-harnacheur, sellier-garnisseur. Il a donn\u00e9 son nom \u00e0 un point qui permet d\u2019obtenir des coutures tr\u00e8s fines. Monsieur Bloch Phuilibert exer\u00e7ait dans le b\u00e2timent de Monsieur Hug en face de la gare.<\/h4>\n<h6 style=\"text-align: justify;\">Source\u00a0http:\/\/www.institut-metiersdart.org\/metiers-d-art\/cuir\/sellier<\/h6>\n<p><a href=\"http:\/\/montreux-vieux.net\/montreux-vieux.net\/wp-content\/uploads\/2017\/05\/Le-m\u00e9tier-de-couturi\u00e8re-3.jpg\" target=\"_blank\" rel=\"noopener noreferrer\"><img loading=\"lazy\" decoding=\"async\" class=\"aligncenter wp-image-9180 size-full\" src=\"http:\/\/montreux-vieux.net\/montreux-vieux.net\/wp-content\/uploads\/2017\/05\/Le-m\u00e9tier-de-couturi\u00e8re-3.jpg\" alt=\"\" width=\"945\" height=\"756\" srcset=\"https:\/\/montreux-vieux.net\/montreux-vieux.net\/wp-content\/uploads\/2017\/05\/Le-m\u00e9tier-de-couturi\u00e8re-3.jpg 945w, https:\/\/montreux-vieux.net\/montreux-vieux.net\/wp-content\/uploads\/2017\/05\/Le-m\u00e9tier-de-couturi\u00e8re-3-300x240.jpg 300w, https:\/\/montreux-vieux.net\/montreux-vieux.net\/wp-content\/uploads\/2017\/05\/Le-m\u00e9tier-de-couturi\u00e8re-3-768x614.jpg 768w, https:\/\/montreux-vieux.net\/montreux-vieux.net\/wp-content\/uploads\/2017\/05\/Le-m\u00e9tier-de-couturi\u00e8re-3-600x480.jpg 600w\" sizes=\"auto, (max-width: 945px) 100vw, 945px\" \/><\/a>2626<\/p>\n","protected":false},"excerpt":{"rendered":"<p>Le saviez-vous ? Autrefois il y avait un sellier \u00e0 Montreux-Vieux Le sellier\u00a0est celui qui fabrique des selles et ouvrage de sellerie comme harnais, coussins, garnitures pour voitures. Il peut \u00eatre sellier-maroquinier, sellier-bourrelier, sellier-harnacheur, sellier-garnisseur. Il a donn\u00e9 son nom &hellip; <a href=\"https:\/\/montreux-vieux.net\/?page_id=9183\">Continuer la lecture <span class=\"meta-nav\">&rarr;<\/span><\/a><\/p>\n","protected":false},"author":1,"featured_media":0,"parent":1502,"menu_order":26,"comment_status":"closed","ping_status":"open","template":"","meta":{"footnotes":""},"class_list":["post-9183","page","type-page","status-publish","hentry"],"_links":{"self":[{"href":"https:\/\/montreux-vieux.net\/index.php?rest_route=\/wp\/v2\/pages\/9183","targetHints":{"allow":["GET"]}}],"collection":[{"href":"https:\/\/montreux-vieux.net\/index.php?rest_route=\/wp\/v2\/pages"}],"about":[{"href":"https:\/\/montreux-vieux.net\/index.php?rest_route=\/wp\/v2\/types\/page"}],"author":[{"embeddable":true,"href":"https:\/\/montreux-vieux.net\/index.php?rest_route=\/wp\/v2\/users\/1"}],"replies":[{"embeddable":true,"href":"https:\/\/montreux-vieux.net\/index.php?rest_route=%2Fwp%2Fv2%2Fcomments&post=9183"}],"version-history":[{"count":1,"href":"https:\/\/montreux-vieux.net\/index.php?rest_route=\/wp\/v2\/pages\/9183\/revisions"}],"predecessor-version":[{"id":9184,"href":"https:\/\/montreux-vieux.net\/index.php?rest_route=\/wp\/v2\/pages\/9183\/revisions\/9184"}],"up":[{"embeddable":true,"href":"https:\/\/montreux-vieux.net\/index.php?rest_route=\/wp\/v2\/pages\/1502"}],"wp:attachment":[{"href":"https:\/\/montreux-vieux.net\/index.php?rest_route=%2Fwp%2Fv2%2Fmedia&parent=9183"}],"curies":[{"name":"wp","href":"https:\/\/api.w.org\/{rel}","templated":true}]}}