{"id":9209,"date":"2017-05-28T15:59:00","date_gmt":"2017-05-28T14:59:00","guid":{"rendered":"http:\/\/montreux-vieux.net\/?page_id=9209"},"modified":"2019-01-02T10:51:01","modified_gmt":"2019-01-02T09:51:01","slug":"on-pouvait-lire-fetes-de-la-pentecote-train-dexcursion-de-paris-a-belfort-et-a-montreux-vieux","status":"publish","type":"page","link":"https:\/\/montreux-vieux.net\/?page_id=9209","title":{"rendered":"On pouvait lire: F\u00eates de la Pentec\u00f4te, Train d&rsquo;excursion de Paris \u00e0 Belfort et \u00e0 Montreux-Vieux."},"content":{"rendered":"<h3 style=\"text-align: center;\">F\u00eates de la Pentec\u00f4te,&nbsp;Train d&rsquo;excursion de Paris \u00e0 Belfort&nbsp;et \u00e0 Montreux-Vieux.<\/h3>\n<h4 style=\"text-align: justify;\">Le mercredi 3 juin, la Compagnie des Chemins&nbsp;de fer de l&rsquo;Est mettra en marche au d\u00e9part de&nbsp;Paris vers&nbsp;Belfort et Montreux-Vieux, un train&nbsp;d&rsquo;excursion a prix tr\u00e8s r\u00e9duits, compos\u00e9 de voitures de 3\u00e8me classe.&nbsp;Ce train prendra des voyageurs pour certaines&nbsp;stations comprises entre Vendeuvre inclus et&nbsp;Montreux-Vieux.&nbsp;Le nombre do places est limit\u00e9.&nbsp;Les prix des billets d&rsquo;aller et retour sont las&nbsp;suivants : pour Vendeuve, Chaumont ; 11 fr.&nbsp;Pour Langres-Marne, Vesoul, Belfort, Petite-Croix : 16 fr. 50,&nbsp;Pour Montreux-Vieux : 16 fr.&nbsp; Au retour les voyageurs seront admis a leur&nbsp;choix dans tous les trains ordinaires comportant&nbsp;des voitures de 3\u00e8 classe, aux m\u00eames. conditions&nbsp;que les voyageurs \u00e0 plein traif, dans la limite&nbsp;des places disponibles a chacune de ces trains.&nbsp;Les voyageurs devront \u00eatre-rentr\u00e9e a Paris, le&nbsp;15 juin \u00e0 midi au plus tard.&nbsp;Les bicyclettes sans moteur m\u00e9canique, a l&rsquo; exclusion des tandems, tricycles, &nbsp;seront&nbsp;admises dans ce train d&rsquo;excursion aux conditions qui figurent dans l&rsquo;affiche sp\u00e9ciale, le nombre&nbsp;&nbsp;de ces bicyclettes est. limit\u00e9 \u00e0 50.&nbsp;Pour tous les autres renseignements consulter&nbsp;les affiches et bulletins publi\u00e9s par la Compagniedes Chemins de l&rsquo;Est. (L&rsquo;Aurore : du 1er juin 1908 b\u00b03874)<\/h4>\n<p style=\"text-align: center;\"><a href=\"http:\/\/montreux-vieux.net\/montreux-vieux.net\/wp-content\/uploads\/2017\/05\/photography.jpg\" target=\"_blank\" rel=\"noopener noreferrer\"><img loading=\"lazy\" decoding=\"async\" class=\"aligncenter wp-image-9210 size-full\" src=\"http:\/\/montreux-vieux.net\/montreux-vieux.net\/wp-content\/uploads\/2017\/05\/photography.jpg\" alt=\"Trains excursion Montreux-Vieux Paris 1908\" width=\"945\" height=\"756\" srcset=\"https:\/\/montreux-vieux.net\/montreux-vieux.net\/wp-content\/uploads\/2017\/05\/photography.jpg 945w, https:\/\/montreux-vieux.net\/montreux-vieux.net\/wp-content\/uploads\/2017\/05\/photography-300x240.jpg 300w, https:\/\/montreux-vieux.net\/montreux-vieux.net\/wp-content\/uploads\/2017\/05\/photography-768x614.jpg 768w, https:\/\/montreux-vieux.net\/montreux-vieux.net\/wp-content\/uploads\/2017\/05\/photography-600x480.jpg 600w\" sizes=\"auto, (max-width: 945px) 100vw, 945px\" \/><\/a><\/p>\n","protected":false},"excerpt":{"rendered":"<p>F\u00eates de la Pentec\u00f4te,&nbsp;Train d&rsquo;excursion de Paris \u00e0 Belfort&nbsp;et \u00e0 Montreux-Vieux. Le mercredi 3 juin, la Compagnie des Chemins&nbsp;de fer de l&rsquo;Est mettra en marche au d\u00e9part de&nbsp;Paris vers&nbsp;Belfort et Montreux-Vieux, un train&nbsp;d&rsquo;excursion a prix tr\u00e8s r\u00e9duits, compos\u00e9 de voitures &hellip; <a href=\"https:\/\/montreux-vieux.net\/?page_id=9209\">Continuer la lecture <span class=\"meta-nav\">&rarr;<\/span><\/a><\/p>\n","protected":false},"author":1,"featured_media":0,"parent":13007,"menu_order":24,"comment_status":"closed","ping_status":"open","template":"","meta":{"footnotes":""},"class_list":["post-9209","page","type-page","status-publish","hentry"],"_links":{"self":[{"href":"https:\/\/montreux-vieux.net\/index.php?rest_route=\/wp\/v2\/pages\/9209","targetHints":{"allow":["GET"]}}],"collection":[{"href":"https:\/\/montreux-vieux.net\/index.php?rest_route=\/wp\/v2\/pages"}],"about":[{"href":"https:\/\/montreux-vieux.net\/index.php?rest_route=\/wp\/v2\/types\/page"}],"author":[{"embeddable":true,"href":"https:\/\/montreux-vieux.net\/index.php?rest_route=\/wp\/v2\/users\/1"}],"replies":[{"embeddable":true,"href":"https:\/\/montreux-vieux.net\/index.php?rest_route=%2Fwp%2Fv2%2Fcomments&post=9209"}],"version-history":[{"count":4,"href":"https:\/\/montreux-vieux.net\/index.php?rest_route=\/wp\/v2\/pages\/9209\/revisions"}],"predecessor-version":[{"id":13282,"href":"https:\/\/montreux-vieux.net\/index.php?rest_route=\/wp\/v2\/pages\/9209\/revisions\/13282"}],"up":[{"embeddable":true,"href":"https:\/\/montreux-vieux.net\/index.php?rest_route=\/wp\/v2\/pages\/13007"}],"wp:attachment":[{"href":"https:\/\/montreux-vieux.net\/index.php?rest_route=%2Fwp%2Fv2%2Fmedia&parent=9209"}],"curies":[{"name":"wp","href":"https:\/\/api.w.org\/{rel}","templated":true}]}}