{"id":9246,"date":"2017-05-29T11:15:45","date_gmt":"2017-05-29T10:15:45","guid":{"rendered":"http:\/\/montreux-vieux.net\/?page_id=9246"},"modified":"2018-12-25T18:10:22","modified_gmt":"2018-12-25T17:10:22","slug":"le-saviez-vous-exportations-de-houille-westphalienne-vers-la-france-pour-alimenter-les-hauts-fourneaux","status":"publish","type":"page","link":"https:\/\/montreux-vieux.net\/?page_id=9246","title":{"rendered":"Le saviez-vous ? Exportations de houille westphalienne vers la France pour alimenter les hauts fourneaux"},"content":{"rendered":"<h3 style=\"text-align: center;\">Exportations de houille westphalienne vers la France pour alimenter les hauts fourneaux<\/h3>\n<p style=\"text-align: center;\"><a href=\"http:\/\/montreux-vieux.net\/montreux-vieux.net\/wp-content\/uploads\/2017\/05\/scandinavia.jpg\" target=\"_blank\" rel=\"noopener noreferrer\"><img loading=\"lazy\" decoding=\"async\" class=\"aligncenter wp-image-9244 size-full\" src=\"http:\/\/montreux-vieux.net\/montreux-vieux.net\/wp-content\/uploads\/2017\/05\/scandinavia.jpg\" alt=\"Exp\u00e9ditions de charbon du district de la Ruhr par chemin de fer \u00e0 destination de la France \" width=\"945\" height=\"756\" srcset=\"https:\/\/montreux-vieux.net\/montreux-vieux.net\/wp-content\/uploads\/2017\/05\/scandinavia.jpg 945w, https:\/\/montreux-vieux.net\/montreux-vieux.net\/wp-content\/uploads\/2017\/05\/scandinavia-300x240.jpg 300w, https:\/\/montreux-vieux.net\/montreux-vieux.net\/wp-content\/uploads\/2017\/05\/scandinavia-768x614.jpg 768w, https:\/\/montreux-vieux.net\/montreux-vieux.net\/wp-content\/uploads\/2017\/05\/scandinavia-600x480.jpg 600w\" sizes=\"auto, (max-width: 945px) 100vw, 945px\" \/><\/a><\/p>\n<h4 style=\"text-align: justify;\">Dans les ann\u00e9es 1900, les exp\u00e9ditions de houille ont subi des oscillations tr\u00e8s consid\u00e9rables. On peut en dire \u00e0 peu pr\u00e8s de m\u00eame des exp\u00e9ditions de &nbsp;coke dont l&rsquo;augmentation para\u00eet cependant certaine, eu \u00e9gard \u00e0 la &nbsp;n\u00e9cessit\u00e9 o\u00f9 se trouvent les hauts fourneaux du bassin de la Minette (Lorrain) d&rsquo;acheter des quantit\u00e9s toujours croissantes de coke de la Ruhr.<\/h4>\n<h4 style=\"text-align: justify;\"><span style=\"color: #ff0000;\">Il est int\u00e9ressant de savoir qu&rsquo;\u00e0 la fronti\u00e8re de Montreux-Vieux &nbsp;le tonnage \u00e9tait le suivant en 1907 :&nbsp;Houille: 2&nbsp;360 T&nbsp; Coke 10T et Briquettes 10T<\/span><\/h4>\n<h4 style=\"text-align: justify;\">Voici un tableau concernant les exp\u00e9ditions de charbon du district de la Ruhr par chemin de fer&nbsp;\u00e0 destination de la France<\/h4>\n<p>\n<table id=\"tablepress-11\" class=\"tablepress tablepress-id-11\">\n<thead>\n<tr class=\"row-1\">\n\t<th class=\"column-1\">ANNEEES<\/th><th class=\"column-2\">HOUILLE<\/th><th class=\"column-3\">COKE<\/th><th class=\"column-4\">BRIQUETTES<\/th>\n<\/tr>\n<\/thead>\n<tbody class=\"row-striping row-hover\">\n<tr class=\"row-2\">\n\t<td class=\"column-1\">1902<\/td><td class=\"column-2\">10 442 <\/td><td class=\"column-3\">631 317 <\/td><td class=\"column-4\">860<\/td>\n<\/tr>\n<tr class=\"row-3\">\n\t<td class=\"column-1\">1903<\/td><td class=\"column-2\">18 119<\/td><td class=\"column-3\">1 000 035<\/td><td class=\"column-4\">12 224<\/td>\n<\/tr>\n<tr class=\"row-4\">\n\t<td class=\"column-1\">1904<\/td><td class=\"column-2\">40.976 <\/td><td class=\"column-3\">1.106.309 <\/td><td class=\"column-4\">8.964 <\/td>\n<\/tr>\n<tr class=\"row-5\">\n\t<td class=\"column-1\">1905<\/td><td class=\"column-2\">26.625 <\/td><td class=\"column-3\">1.262 026 <\/td><td class=\"column-4\">11.291 <\/td>\n<\/tr>\n<tr class=\"row-6\">\n\t<td class=\"column-1\">1906<\/td><td class=\"column-2\">302.229 <\/td><td class=\"column-3\">2.023.131 <\/td><td class=\"column-4\">13.240 <\/td>\n<\/tr>\n<tr class=\"row-7\">\n\t<td class=\"column-1\">1907<\/td><td class=\"column-2\">172.555 <\/td><td class=\"column-3\">1.834.371 <\/td><td class=\"column-4\">24.872 <\/td>\n<\/tr>\n<tr class=\"row-8\">\n\t<td class=\"column-1\">1907 MONTREUX-VIEUX<\/td><td class=\"column-2\">2 360<\/td><td class=\"column-3\">10 <\/td><td class=\"column-4\">10<\/td>\n<\/tr>\n<\/tbody>\n<\/table>\n<!-- #tablepress-11 from cache -->64<\/p>\n","protected":false},"excerpt":{"rendered":"<p>Exportations de houille westphalienne vers la France pour alimenter les hauts fourneaux Dans les ann\u00e9es 1900, les exp\u00e9ditions de houille ont subi des oscillations tr\u00e8s consid\u00e9rables. On peut en dire \u00e0 peu pr\u00e8s de m\u00eame des exp\u00e9ditions de &nbsp;coke dont &hellip; <a href=\"https:\/\/montreux-vieux.net\/?page_id=9246\">Continuer la lecture <span class=\"meta-nav\">&rarr;<\/span><\/a><\/p>\n","protected":false},"author":1,"featured_media":0,"parent":13007,"menu_order":10,"comment_status":"closed","ping_status":"open","template":"","meta":{"footnotes":""},"class_list":["post-9246","page","type-page","status-publish","hentry"],"_links":{"self":[{"href":"https:\/\/montreux-vieux.net\/index.php?rest_route=\/wp\/v2\/pages\/9246","targetHints":{"allow":["GET"]}}],"collection":[{"href":"https:\/\/montreux-vieux.net\/index.php?rest_route=\/wp\/v2\/pages"}],"about":[{"href":"https:\/\/montreux-vieux.net\/index.php?rest_route=\/wp\/v2\/types\/page"}],"author":[{"embeddable":true,"href":"https:\/\/montreux-vieux.net\/index.php?rest_route=\/wp\/v2\/users\/1"}],"replies":[{"embeddable":true,"href":"https:\/\/montreux-vieux.net\/index.php?rest_route=%2Fwp%2Fv2%2Fcomments&post=9246"}],"version-history":[{"count":2,"href":"https:\/\/montreux-vieux.net\/index.php?rest_route=\/wp\/v2\/pages\/9246\/revisions"}],"predecessor-version":[{"id":12770,"href":"https:\/\/montreux-vieux.net\/index.php?rest_route=\/wp\/v2\/pages\/9246\/revisions\/12770"}],"up":[{"embeddable":true,"href":"https:\/\/montreux-vieux.net\/index.php?rest_route=\/wp\/v2\/pages\/13007"}],"wp:attachment":[{"href":"https:\/\/montreux-vieux.net\/index.php?rest_route=%2Fwp%2Fv2%2Fmedia&parent=9246"}],"curies":[{"name":"wp","href":"https:\/\/api.w.org\/{rel}","templated":true}]}}