{"id":9295,"date":"2017-06-05T11:24:57","date_gmt":"2017-06-05T10:24:57","guid":{"rendered":"http:\/\/montreux-vieux.net\/?page_id=9295"},"modified":"2018-12-28T14:05:27","modified_gmt":"2018-12-28T13:05:27","slug":"le-saviez-vous-wittwer-robert-louis-electricien-condamne-pour-desertion","status":"publish","type":"page","link":"https:\/\/montreux-vieux.net\/?page_id=9295","title":{"rendered":"Le saviez-vous ? Wittwer Robert Louis, \u00e9lectricien,  condamn\u00e9 pour desertion"},"content":{"rendered":"<h3 style=\"text-align: center;\">Le saviez-vous ? Wittwer Robert Louis, \u00e9lectricien \u00e0 Montreux-Vieux, condamn\u00e9 pour desertion<\/h3>\n<h4 style=\"text-align: justify;\">L\u2019\u00e9lectricien de Montreux-Vieux &nbsp;Wittwer Robert Louis a \u00e9t\u00e9 condamn\u00e9 pour d\u00e9sertion et a perdu sa nationalit\u00e9 d\u2019Alsacien-Lorrain pour n\u2019avoir pas tenu compte de la sommation imp\u00e9riale adress\u00e9e aux Allemands r\u00e9sidants \u00e0 l\u2019\u00e9tranger de retourner dans leur pays en date du 3 ao\u00fbt 1914 (Moniteur Officiel de l\u2019Empire p.313). En tant&nbsp;qu&rsquo;Alsacien- Lorrain il a donc \u00e9t\u00e9 d\u00e9chu de sa nationalit\u00e9 allemande.<\/h4>\n<p style=\"text-align: center;\"><a href=\"http:\/\/montreux-vieux.net\/montreux-vieux.net\/wp-content\/uploads\/2017\/06\/mon.jpg\" target=\"_blank\" rel=\"noopener noreferrer\"><img loading=\"lazy\" decoding=\"async\" class=\"aligncenter wp-image-9296 size-full\" src=\"http:\/\/montreux-vieux.net\/montreux-vieux.net\/wp-content\/uploads\/2017\/06\/mon.jpg\" alt=\"\" width=\"945\" height=\"756\" srcset=\"https:\/\/montreux-vieux.net\/montreux-vieux.net\/wp-content\/uploads\/2017\/06\/mon.jpg 945w, https:\/\/montreux-vieux.net\/montreux-vieux.net\/wp-content\/uploads\/2017\/06\/mon-300x240.jpg 300w, https:\/\/montreux-vieux.net\/montreux-vieux.net\/wp-content\/uploads\/2017\/06\/mon-768x614.jpg 768w, https:\/\/montreux-vieux.net\/montreux-vieux.net\/wp-content\/uploads\/2017\/06\/mon-600x480.jpg 600w\" sizes=\"auto, (max-width: 945px) 100vw, 945px\" \/><\/a><\/p>\n","protected":false},"excerpt":{"rendered":"<p>Le saviez-vous ? Wittwer Robert Louis, \u00e9lectricien \u00e0 Montreux-Vieux, condamn\u00e9 pour desertion L\u2019\u00e9lectricien de Montreux-Vieux &nbsp;Wittwer Robert Louis a \u00e9t\u00e9 condamn\u00e9 pour d\u00e9sertion et a perdu sa nationalit\u00e9 d\u2019Alsacien-Lorrain pour n\u2019avoir pas tenu compte de la sommation imp\u00e9riale adress\u00e9e aux &hellip; <a href=\"https:\/\/montreux-vieux.net\/?page_id=9295\">Continuer la lecture <span class=\"meta-nav\">&rarr;<\/span><\/a><\/p>\n","protected":false},"author":1,"featured_media":0,"parent":12673,"menu_order":30,"comment_status":"closed","ping_status":"open","template":"","meta":{"footnotes":""},"class_list":["post-9295","page","type-page","status-publish","hentry"],"_links":{"self":[{"href":"https:\/\/montreux-vieux.net\/index.php?rest_route=\/wp\/v2\/pages\/9295","targetHints":{"allow":["GET"]}}],"collection":[{"href":"https:\/\/montreux-vieux.net\/index.php?rest_route=\/wp\/v2\/pages"}],"about":[{"href":"https:\/\/montreux-vieux.net\/index.php?rest_route=\/wp\/v2\/types\/page"}],"author":[{"embeddable":true,"href":"https:\/\/montreux-vieux.net\/index.php?rest_route=\/wp\/v2\/users\/1"}],"replies":[{"embeddable":true,"href":"https:\/\/montreux-vieux.net\/index.php?rest_route=%2Fwp%2Fv2%2Fcomments&post=9295"}],"version-history":[{"count":2,"href":"https:\/\/montreux-vieux.net\/index.php?rest_route=\/wp\/v2\/pages\/9295\/revisions"}],"predecessor-version":[{"id":13120,"href":"https:\/\/montreux-vieux.net\/index.php?rest_route=\/wp\/v2\/pages\/9295\/revisions\/13120"}],"up":[{"embeddable":true,"href":"https:\/\/montreux-vieux.net\/index.php?rest_route=\/wp\/v2\/pages\/12673"}],"wp:attachment":[{"href":"https:\/\/montreux-vieux.net\/index.php?rest_route=%2Fwp%2Fv2%2Fmedia&parent=9295"}],"curies":[{"name":"wp","href":"https:\/\/api.w.org\/{rel}","templated":true}]}}