{"id":9309,"date":"2017-06-07T10:52:21","date_gmt":"2017-06-07T09:52:21","guid":{"rendered":"http:\/\/montreux-vieux.net\/?page_id=9309"},"modified":"2018-12-26T11:52:25","modified_gmt":"2018-12-26T10:52:25","slug":"on-pouvait-lire-les-eglises-de-montreux-chateau-et-montreux-vieux","status":"publish","type":"page","link":"https:\/\/montreux-vieux.net\/?page_id=9309","title":{"rendered":"On pouvait lire : Les \u00e9glises de Montreux-Ch\u00e2teau et Montreux-Vieux"},"content":{"rendered":"<h3 style=\"text-align: center;\">On pouvait lire&nbsp;: Les \u00e9glises de Montreux-Ch\u00e2teau et Montreux-Vieux<\/h3>\n<h4 style=\"text-align: justify;\">Dans une brochure, intitul\u00e9e \u00ab\u00a0Respect aux \u00e9glises de France\u00a0\u00bb publi\u00e9e par le \u00ab\u00a0Comit\u00e9 catholique de d\u00e9fense religieuse\u00a0\u00bb. 1911, on voit deux images sur la m\u00eame page: \u00ab\u00a0L&rsquo;une est l&rsquo;\u00e9glise de&nbsp; Montreux-Ch\u00e2teau, humble, d\u00e9labr\u00e9e; \u00e0 c\u00f4t\u00e9 d&rsquo;elle, l&rsquo;\u00e9glise de&nbsp; Montreux-Vieux&nbsp;dresse fi\u00e8rement sa fl\u00e8che \u00e9lanc\u00e9e. Entre les deux,&nbsp;un kilom\u00e8tre! L&rsquo;une est en France, celle qui tombe en ruines; l&rsquo;autre&nbsp;est en Alsace, celle qui est neuve, et que les subsides allemands ont&nbsp;aid\u00e9 \u00e0 reb\u00e2tir.S\u2019en suit \u00e0 ce sujet&nbsp;toute une pol\u00e9mique concernant le Kulturkampf (1)<\/h4>\n<p style=\"text-align: center;\"><a href=\"http:\/\/montreux-vieux.net\/montreux-vieux.net\/wp-content\/uploads\/2017\/06\/Au-dessus-lEglise-de-Mx-Ch\u00e2teau-\u00e0-droite-lEglise-de-Mx-Vieux.jpg\" target=\"_blank\" rel=\"noopener noreferrer\"><img loading=\"lazy\" decoding=\"async\" class=\"aligncenter wp-image-9307 size-full\" src=\"http:\/\/montreux-vieux.net\/montreux-vieux.net\/wp-content\/uploads\/2017\/06\/Au-dessus-lEglise-de-Mx-Ch\u00e2teau-\u00e0-droite-lEglise-de-Mx-Vieux.jpg\" alt=\"On pouvait lire : Les \u00e9glises de Montreux-Ch\u00e2teau et Montreux-Vieux\" width=\"945\" height=\"756\" srcset=\"https:\/\/montreux-vieux.net\/montreux-vieux.net\/wp-content\/uploads\/2017\/06\/Au-dessus-lEglise-de-Mx-Ch\u00e2teau-\u00e0-droite-lEglise-de-Mx-Vieux.jpg 945w, https:\/\/montreux-vieux.net\/montreux-vieux.net\/wp-content\/uploads\/2017\/06\/Au-dessus-lEglise-de-Mx-Ch\u00e2teau-\u00e0-droite-lEglise-de-Mx-Vieux-300x240.jpg 300w, https:\/\/montreux-vieux.net\/montreux-vieux.net\/wp-content\/uploads\/2017\/06\/Au-dessus-lEglise-de-Mx-Ch\u00e2teau-\u00e0-droite-lEglise-de-Mx-Vieux-768x614.jpg 768w, https:\/\/montreux-vieux.net\/montreux-vieux.net\/wp-content\/uploads\/2017\/06\/Au-dessus-lEglise-de-Mx-Ch\u00e2teau-\u00e0-droite-lEglise-de-Mx-Vieux-600x480.jpg 600w\" sizes=\"auto, (max-width: 945px) 100vw, 945px\" \/><\/a><\/p>\n<h4 style=\"text-align: justify;\">Dans une autre revue \u00ab\u00a0Les conf\u00e9rences\u00a0\u00bb de 1911 Tome 1 \u00e9dit\u00e9e par la Maison de la Bonne Presse \u00e0 Paris un article semblable de &nbsp;Michelin ci-apr\u00e8s transcrit:<\/h4>\n<h4 style=\"text-align: justify;\">Ecoutez encore une histoire, la derni\u00e8re.&nbsp;L\u00e0-bas, vers l&rsquo;Est, en Alsace, je connais deux \u00e9glises.&nbsp;L&rsquo;une, \u00e0 Montreux-Ch\u00e2teau, est humble, d\u00e9labr\u00e9e, toute,&nbsp;toute petite pour une agglom\u00e9ration de 1400 \u00e2mes, et&nbsp;presque en ruines. L&rsquo;autre, \u00e0 Montreux-Vieux, construite&nbsp;il y a peu d&rsquo;ann\u00e9es, gr\u00e2ce \u00e0 une subvention officielle,&nbsp;vaste, claire, dresse fi\u00e8rement sa fl\u00e8che vers le ciel. Celle-l\u00e0&nbsp;est en France, celle dont les murs tombent. Celle-ci est&nbsp;en pays annex\u00e9, celle qui est neuve et que des subsides&nbsp;allemands ont aid\u00e9 \u00e0 reb\u00e2tir. Entre les deux, un kilom\u00e8tre.&nbsp;Quand, au temps des vacances, le hasard de mes prome-nades me conduit successivement devant les deux sanctuaires, vous le comprenez, n&rsquo;est-ce pas, le rouge me&nbsp;monte au front.&nbsp;En v\u00e9rit\u00e9, je vous le demande, et je vous laisse sur ce&nbsp;mot, ces hontes-l\u00e0, des Fran\u00e7ais, en Alsace, devraient-ils&nbsp;les conna\u00eetre ?&nbsp;MICHELIN.<\/h4>\n<p style=\"text-align: center;\"><a href=\"http:\/\/montreux-vieux.net\/montreux-vieux.net\/wp-content\/uploads\/2017\/06\/rom-your-lovingparents-cassie-bernie.jpg\" target=\"_blank\" rel=\"noopener noreferrer\"><img loading=\"lazy\" decoding=\"async\" class=\"aligncenter wp-image-9321 size-full\" src=\"http:\/\/montreux-vieux.net\/montreux-vieux.net\/wp-content\/uploads\/2017\/06\/rom-your-lovingparents-cassie-bernie.jpg\" alt=\"\" width=\"945\" height=\"756\" srcset=\"https:\/\/montreux-vieux.net\/montreux-vieux.net\/wp-content\/uploads\/2017\/06\/rom-your-lovingparents-cassie-bernie.jpg 945w, https:\/\/montreux-vieux.net\/montreux-vieux.net\/wp-content\/uploads\/2017\/06\/rom-your-lovingparents-cassie-bernie-300x240.jpg 300w, https:\/\/montreux-vieux.net\/montreux-vieux.net\/wp-content\/uploads\/2017\/06\/rom-your-lovingparents-cassie-bernie-768x614.jpg 768w, https:\/\/montreux-vieux.net\/montreux-vieux.net\/wp-content\/uploads\/2017\/06\/rom-your-lovingparents-cassie-bernie-600x480.jpg 600w\" sizes=\"auto, (max-width: 945px) 100vw, 945px\" \/><\/a><\/p>\n<h5><em>(1)Lutte men\u00e9e par Bismarck en Allemagne contre les catholiques (1871-1878).<\/em><\/h5>\n<h5 style=\"text-align: justify;\"><em>Destin\u00e9e \u00e0 rompre les liens entre Rome et l&rsquo;\u00c9glise d&rsquo;Allemagne et \u00e0 placer celle-ci sous la tutelle de l&rsquo;\u00c9tat, la politique religieuse de Bismarck prit en 1873 le nom de&nbsp;<\/em><em style=\"font-weight: inherit;\">Kulturkampf&nbsp;<\/em><em>(\u00ab&nbsp;combat pour la civilisation&nbsp;\u00bb), c&rsquo;est-\u00e0-dire combat contre l&rsquo;\u00c9glise catholique consid\u00e9r\u00e9e comme archa\u00efque, r\u00e9trograde et favorable aux particularismes. Falk, protestant rigide nomm\u00e9 en 1872 au minist\u00e8re des Cultes, adopta une l\u00e9gislation s\u00e9v\u00e8re&nbsp;: loi sur les J\u00e9suites (1872) dissolvant leur congr\u00e9gation,&nbsp;<\/em><em style=\"font-weight: inherit;\">lois de mai&nbsp;<\/em><em>(1873) imposant l&rsquo;inspection de l&rsquo;\u00c9tat \u00e0 tous les \u00e9tablissements vou\u00e9s \u00e0 la formation aux fonctions eccl\u00e9siastiques et le contr\u00f4le des nominations, lois instaurant le mariage civil (1874-1875). Les opposants, soutenus par Pie&nbsp;IX, furent durement frapp\u00e9s (destitution de Monseigneur&nbsp;Ketteler, de Monseigneur&nbsp;Led\u00f3chowski et de 600&nbsp;eccl\u00e9siastiques). Mais, apr\u00e8s l&rsquo;av\u00e8nement de L\u00e9on&nbsp;XIII (1878), Bismarck, qui avait besoin de l&rsquo;appui du Centre, d\u00e9savoua Falk (1879) et fit adopter les&nbsp;<\/em><em style=\"font-weight: inherit;\">lois de paix&nbsp;<\/em><em>(1880-1887), qui abrog\u00e8rent l&rsquo;essentiel des mesures prises contre l&rsquo;\u00c9glise catholique<\/em>.<\/h5>\n","protected":false},"excerpt":{"rendered":"<p>On pouvait lire&nbsp;: Les \u00e9glises de Montreux-Ch\u00e2teau et Montreux-Vieux Dans une brochure, intitul\u00e9e \u00ab\u00a0Respect aux \u00e9glises de France\u00a0\u00bb publi\u00e9e par le \u00ab\u00a0Comit\u00e9 catholique de d\u00e9fense religieuse\u00a0\u00bb. 1911, on voit deux images sur la m\u00eame page: \u00ab\u00a0L&rsquo;une est l&rsquo;\u00e9glise de&nbsp; Montreux-Ch\u00e2teau, &hellip; <a href=\"https:\/\/montreux-vieux.net\/?page_id=9309\">Continuer la lecture <span class=\"meta-nav\">&rarr;<\/span><\/a><\/p>\n","protected":false},"author":1,"featured_media":0,"parent":13028,"menu_order":8,"comment_status":"closed","ping_status":"open","template":"","meta":{"footnotes":""},"class_list":["post-9309","page","type-page","status-publish","hentry"],"_links":{"self":[{"href":"https:\/\/montreux-vieux.net\/index.php?rest_route=\/wp\/v2\/pages\/9309","targetHints":{"allow":["GET"]}}],"collection":[{"href":"https:\/\/montreux-vieux.net\/index.php?rest_route=\/wp\/v2\/pages"}],"about":[{"href":"https:\/\/montreux-vieux.net\/index.php?rest_route=\/wp\/v2\/types\/page"}],"author":[{"embeddable":true,"href":"https:\/\/montreux-vieux.net\/index.php?rest_route=\/wp\/v2\/users\/1"}],"replies":[{"embeddable":true,"href":"https:\/\/montreux-vieux.net\/index.php?rest_route=%2Fwp%2Fv2%2Fcomments&post=9309"}],"version-history":[{"count":4,"href":"https:\/\/montreux-vieux.net\/index.php?rest_route=\/wp\/v2\/pages\/9309\/revisions"}],"predecessor-version":[{"id":13079,"href":"https:\/\/montreux-vieux.net\/index.php?rest_route=\/wp\/v2\/pages\/9309\/revisions\/13079"}],"up":[{"embeddable":true,"href":"https:\/\/montreux-vieux.net\/index.php?rest_route=\/wp\/v2\/pages\/13028"}],"wp:attachment":[{"href":"https:\/\/montreux-vieux.net\/index.php?rest_route=%2Fwp%2Fv2%2Fmedia&parent=9309"}],"curies":[{"name":"wp","href":"https:\/\/api.w.org\/{rel}","templated":true}]}}