{"id":9316,"date":"2017-06-07T16:22:02","date_gmt":"2017-06-07T15:22:02","guid":{"rendered":"http:\/\/montreux-vieux.net\/?page_id=9316"},"modified":"2023-02-18T13:50:57","modified_gmt":"2023-02-18T12:50:57","slug":"inauguration-de-la-salle-des-fetes-construite-en-1958","status":"publish","type":"page","link":"https:\/\/montreux-vieux.net\/?page_id=9316","title":{"rendered":"Inauguration de la salle des f\u00eates construite en 1958"},"content":{"rendered":"<h3 style=\"text-align: center;\">\u00a0<\/h3>\n<div id=\"attachment_9313\" style=\"width: 955px\" class=\"wp-caption aligncenter\"><a href=\"http:\/\/montreux-vieux.net\/montreux-vieux.net\/wp-content\/uploads\/2017\/06\/2.jpg\" target=\"_blank\" rel=\"noopener noreferrer\"><img loading=\"lazy\" decoding=\"async\" aria-describedby=\"caption-attachment-9313\" class=\"wp-image-9313 size-full\" src=\"http:\/\/montreux-vieux.net\/montreux-vieux.net\/wp-content\/uploads\/2017\/06\/2.jpg\" alt=\"Inauguration de la salle des f\u00eates construite en 1958\" width=\"945\" height=\"756\" srcset=\"https:\/\/montreux-vieux.net\/montreux-vieux.net\/wp-content\/uploads\/2017\/06\/2.jpg 945w, https:\/\/montreux-vieux.net\/montreux-vieux.net\/wp-content\/uploads\/2017\/06\/2-300x240.jpg 300w, https:\/\/montreux-vieux.net\/montreux-vieux.net\/wp-content\/uploads\/2017\/06\/2-768x614.jpg 768w, https:\/\/montreux-vieux.net\/montreux-vieux.net\/wp-content\/uploads\/2017\/06\/2-600x480.jpg 600w\" sizes=\"auto, (max-width: 945px) 100vw, 945px\" \/><\/a><p id=\"caption-attachment-9313\" class=\"wp-caption-text\">Arriv\u00e9e des Officiels et d\u00e9p\u00f4t de gerbe au monument aux morts<\/p><\/div>\n<div id=\"attachment_9314\" style=\"width: 955px\" class=\"wp-caption aligncenter\"><a href=\"http:\/\/montreux-vieux.net\/montreux-vieux.net\/wp-content\/uploads\/2017\/06\/1.jpg\" target=\"_blank\" rel=\"noopener noreferrer\"><img loading=\"lazy\" decoding=\"async\" aria-describedby=\"caption-attachment-9314\" class=\"wp-image-9314 size-full\" src=\"http:\/\/montreux-vieux.net\/montreux-vieux.net\/wp-content\/uploads\/2017\/06\/1.jpg\" alt=\"Inauguration de la salle des f\u00eates construite en 1958\" width=\"945\" height=\"756\" srcset=\"https:\/\/montreux-vieux.net\/montreux-vieux.net\/wp-content\/uploads\/2017\/06\/1.jpg 945w, https:\/\/montreux-vieux.net\/montreux-vieux.net\/wp-content\/uploads\/2017\/06\/1-300x240.jpg 300w, https:\/\/montreux-vieux.net\/montreux-vieux.net\/wp-content\/uploads\/2017\/06\/1-768x614.jpg 768w, https:\/\/montreux-vieux.net\/montreux-vieux.net\/wp-content\/uploads\/2017\/06\/1-600x480.jpg 600w\" sizes=\"auto, (max-width: 945px) 100vw, 945px\" \/><\/a><p id=\"caption-attachment-9314\" class=\"wp-caption-text\">Le Pr\u00e9fet coupe le ruban, la salle des f\u00eates, les alsaciennes Gabrielle Notter, Willm et Anne Marie Munz<\/p><\/div>\n\n<div class=\"wp-block-image\">\n<figure class=\"aligncenter size-full\"><img loading=\"lazy\" decoding=\"async\" width=\"1004\" height=\"614\" src=\"https:\/\/montreux-vieux.net\/montreux-vieux.net\/wp-content\/uploads\/2023\/02\/Numeriser0003_InPixio.jpg\" alt=\"\" class=\"wp-image-25926\" srcset=\"https:\/\/montreux-vieux.net\/montreux-vieux.net\/wp-content\/uploads\/2023\/02\/Numeriser0003_InPixio.jpg 1004w, https:\/\/montreux-vieux.net\/montreux-vieux.net\/wp-content\/uploads\/2023\/02\/Numeriser0003_InPixio-300x183.jpg 300w, https:\/\/montreux-vieux.net\/montreux-vieux.net\/wp-content\/uploads\/2023\/02\/Numeriser0003_InPixio-768x470.jpg 768w\" sizes=\"auto, (max-width: 1004px) 100vw, 1004px\" \/><figcaption class=\"wp-element-caption\"><strong>Schultz Raymonde, Birry Edith et Limacher Edith<\/strong><\/figcaption><\/figure>\n<\/div>","protected":false},"excerpt":{"rendered":"<p>\u00a0<\/p>\n","protected":false},"author":1,"featured_media":0,"parent":13036,"menu_order":38,"comment_status":"closed","ping_status":"open","template":"","meta":{"footnotes":""},"class_list":["post-9316","page","type-page","status-publish","hentry"],"_links":{"self":[{"href":"https:\/\/montreux-vieux.net\/index.php?rest_route=\/wp\/v2\/pages\/9316","targetHints":{"allow":["GET"]}}],"collection":[{"href":"https:\/\/montreux-vieux.net\/index.php?rest_route=\/wp\/v2\/pages"}],"about":[{"href":"https:\/\/montreux-vieux.net\/index.php?rest_route=\/wp\/v2\/types\/page"}],"author":[{"embeddable":true,"href":"https:\/\/montreux-vieux.net\/index.php?rest_route=\/wp\/v2\/users\/1"}],"replies":[{"embeddable":true,"href":"https:\/\/montreux-vieux.net\/index.php?rest_route=%2Fwp%2Fv2%2Fcomments&post=9316"}],"version-history":[{"count":6,"href":"https:\/\/montreux-vieux.net\/index.php?rest_route=\/wp\/v2\/pages\/9316\/revisions"}],"predecessor-version":[{"id":25935,"href":"https:\/\/montreux-vieux.net\/index.php?rest_route=\/wp\/v2\/pages\/9316\/revisions\/25935"}],"up":[{"embeddable":true,"href":"https:\/\/montreux-vieux.net\/index.php?rest_route=\/wp\/v2\/pages\/13036"}],"wp:attachment":[{"href":"https:\/\/montreux-vieux.net\/index.php?rest_route=%2Fwp%2Fv2%2Fmedia&parent=9316"}],"curies":[{"name":"wp","href":"https:\/\/api.w.org\/{rel}","templated":true}]}}