{"id":9364,"date":"2017-06-15T22:22:03","date_gmt":"2017-06-15T21:22:03","guid":{"rendered":"http:\/\/montreux-vieux.net\/?page_id=9364"},"modified":"2018-12-28T14:06:51","modified_gmt":"2018-12-28T13:06:51","slug":"le-saviez-vous-la-rue-de-belfort-denommee-route-de-france","status":"publish","type":"page","link":"https:\/\/montreux-vieux.net\/?page_id=9364","title":{"rendered":"Le saviez vous? la Rue de Belfort d\u00e9nomm\u00e9e Route de France"},"content":{"rendered":"<h3 style=\"text-align: center;\">Le saviez vous? la Rue de Belfort d\u00e9nomm\u00e9e Route de France<\/h3>\n<h4>Le saviez-vous&nbsp;? &nbsp;A une certaine \u00e9poque, apr\u00e8s 1871 la rue de Belfort portait la d\u00e9nomination d\u2019Entr\u00e9e &#8211;&nbsp; Route de France. La carte postale le pr\u00e9cise \u00e9galement en allemand.<\/h4>\n<p><a href=\"http:\/\/montreux-vieux.net\/montreux-vieux.net\/wp-content\/uploads\/2017\/06\/ScreenShot590.jpg\" target=\"_blank\" rel=\"noopener\"><img loading=\"lazy\" decoding=\"async\" class=\"aligncenter wp-image-9362 size-full\" src=\"http:\/\/montreux-vieux.net\/montreux-vieux.net\/wp-content\/uploads\/2017\/06\/ScreenShot590.jpg\" alt=\"La rue de Belfort d\u00e9nomm\u00e9e Route de France\" width=\"516\" height=\"807\" srcset=\"https:\/\/montreux-vieux.net\/montreux-vieux.net\/wp-content\/uploads\/2017\/06\/ScreenShot590.jpg 516w, https:\/\/montreux-vieux.net\/montreux-vieux.net\/wp-content\/uploads\/2017\/06\/ScreenShot590-192x300.jpg 192w\" sizes=\"auto, (max-width: 516px) 100vw, 516px\" \/><\/a><\/p>\n","protected":false},"excerpt":{"rendered":"<p>Le saviez vous? la Rue de Belfort d\u00e9nomm\u00e9e Route de France Le saviez-vous&nbsp;? &nbsp;A une certaine \u00e9poque, apr\u00e8s 1871 la rue de Belfort portait la d\u00e9nomination d\u2019Entr\u00e9e &#8211;&nbsp; Route de France. La carte postale le pr\u00e9cise \u00e9galement en allemand.<\/p>\n","protected":false},"author":1,"featured_media":0,"parent":12673,"menu_order":32,"comment_status":"closed","ping_status":"open","template":"","meta":{"footnotes":""},"class_list":["post-9364","page","type-page","status-publish","hentry"],"_links":{"self":[{"href":"https:\/\/montreux-vieux.net\/index.php?rest_route=\/wp\/v2\/pages\/9364","targetHints":{"allow":["GET"]}}],"collection":[{"href":"https:\/\/montreux-vieux.net\/index.php?rest_route=\/wp\/v2\/pages"}],"about":[{"href":"https:\/\/montreux-vieux.net\/index.php?rest_route=\/wp\/v2\/types\/page"}],"author":[{"embeddable":true,"href":"https:\/\/montreux-vieux.net\/index.php?rest_route=\/wp\/v2\/users\/1"}],"replies":[{"embeddable":true,"href":"https:\/\/montreux-vieux.net\/index.php?rest_route=%2Fwp%2Fv2%2Fcomments&post=9364"}],"version-history":[{"count":3,"href":"https:\/\/montreux-vieux.net\/index.php?rest_route=\/wp\/v2\/pages\/9364\/revisions"}],"predecessor-version":[{"id":13121,"href":"https:\/\/montreux-vieux.net\/index.php?rest_route=\/wp\/v2\/pages\/9364\/revisions\/13121"}],"up":[{"embeddable":true,"href":"https:\/\/montreux-vieux.net\/index.php?rest_route=\/wp\/v2\/pages\/12673"}],"wp:attachment":[{"href":"https:\/\/montreux-vieux.net\/index.php?rest_route=%2Fwp%2Fv2%2Fmedia&parent=9364"}],"curies":[{"name":"wp","href":"https:\/\/api.w.org\/{rel}","templated":true}]}}