{"id":9466,"date":"2017-07-09T15:55:44","date_gmt":"2017-07-09T14:55:44","guid":{"rendered":"http:\/\/montreux-vieux.net\/?page_id=9466"},"modified":"2018-12-24T14:30:50","modified_gmt":"2018-12-24T13:30:50","slug":"le-saviez-vous-le-lieutenant-hugot-derville-rene-marie-louis-blesse-a-montreux-vieux","status":"publish","type":"page","link":"https:\/\/montreux-vieux.net\/?page_id=9466","title":{"rendered":"Le saviez-vous\u00a0? Le Lieutenant HUGOT-DERVILLE (Ren\u00e9-Marie-Louis) bless\u00e9 \u00e0 Montreux-Vieux"},"content":{"rendered":"<h3 style=\"text-align: center;\">Le saviez-vous&nbsp;? Le Lieutenant HUGOT-DERVILLE (Ren\u00e9-Marie-Louis) bless\u00e9 \u00e0 Montreux-Vieux<\/h3>\n<div id=\"attachment_9463\" style=\"width: 413px\" class=\"wp-caption aligncenter\"><a href=\"http:\/\/montreux-vieux.net\/montreux-vieux.net\/wp-content\/uploads\/2017\/07\/ScreenShot615.jpg\" target=\"_blank\" rel=\"noopener\"><img loading=\"lazy\" decoding=\"async\" aria-describedby=\"caption-attachment-9463\" class=\"wp-image-9463 size-full\" src=\"http:\/\/montreux-vieux.net\/montreux-vieux.net\/wp-content\/uploads\/2017\/07\/ScreenShot615.jpg\" alt=\"Le Lieutenant HUGOT-DERVILLE (Ren\u00e9-Marie-Louis)\" width=\"403\" height=\"316\" srcset=\"https:\/\/montreux-vieux.net\/montreux-vieux.net\/wp-content\/uploads\/2017\/07\/ScreenShot615.jpg 403w, https:\/\/montreux-vieux.net\/montreux-vieux.net\/wp-content\/uploads\/2017\/07\/ScreenShot615-300x235.jpg 300w\" sizes=\"auto, (max-width: 403px) 100vw, 403px\" \/><\/a><p id=\"caption-attachment-9463\" class=\"wp-caption-text\">Le Lieutenant HUGOT-DERVILLE (Ren\u00e9-Marie-Louis)<\/p><\/div>\n<h4>Le Lieutenant HUGOT-DERVILLE (Ren\u00e9-Marie-Louis)&nbsp; du 2\u00e8 mixte de Zouaves et Tirailleurs, n\u00e9 le &nbsp;25 mars 1886, a \u00e9t\u00e9 bless\u00e9 \u00e0 Montreux-Vieux le 14 ao\u00fbt 1914 et tu\u00e9 \u00e0 Mouilly-sous-Verdun, le 29 avril 1915 \u00e0 l\u2019\u00e2ge de 29 ans.&nbsp;Citation : <em>Officier de haute valeur. Tomb\u00e9 glorieusement en entra\u00eenant sa compagnie \u00e0 l&rsquo;assaut d&rsquo;une tranch\u00e9e allemande.<\/em><\/h4>\n<h4>Il \u00e9tait le fr\u00e8re de Guy HUGOT-DERVILLE, capitaine, d\u00e9c\u00e9d\u00e9 \u00e0 l\u2019\u00e2ge de 33 ans et de Georges HUGOT-DERVILLE, Lieutenant, d\u00e9c\u00e9d\u00e9 \u00e0 l\u2019\u00e2ge de 30 ans.<\/h4>\n<p style=\"text-align: center;\"><a href=\"http:\/\/montreux-vieux.net\/montreux-vieux.net\/wp-content\/uploads\/2017\/07\/ScreenShot614.jpg\" target=\"_blank\" rel=\"noopener\"><img loading=\"lazy\" decoding=\"async\" class=\"aligncenter wp-image-9464 size-full\" src=\"http:\/\/montreux-vieux.net\/montreux-vieux.net\/wp-content\/uploads\/2017\/07\/ScreenShot614.jpg\" alt=\"\" width=\"1139\" height=\"706\" srcset=\"https:\/\/montreux-vieux.net\/montreux-vieux.net\/wp-content\/uploads\/2017\/07\/ScreenShot614.jpg 1139w, https:\/\/montreux-vieux.net\/montreux-vieux.net\/wp-content\/uploads\/2017\/07\/ScreenShot614-300x186.jpg 300w, https:\/\/montreux-vieux.net\/montreux-vieux.net\/wp-content\/uploads\/2017\/07\/ScreenShot614-768x476.jpg 768w, https:\/\/montreux-vieux.net\/montreux-vieux.net\/wp-content\/uploads\/2017\/07\/ScreenShot614-1024x635.jpg 1024w, https:\/\/montreux-vieux.net\/montreux-vieux.net\/wp-content\/uploads\/2017\/07\/ScreenShot614-600x372.jpg 600w\" sizes=\"auto, (max-width: 1139px) 100vw, 1139px\" \/><\/a><\/p>\n","protected":false},"excerpt":{"rendered":"<p>Le saviez-vous&nbsp;? Le Lieutenant HUGOT-DERVILLE (Ren\u00e9-Marie-Louis) bless\u00e9 \u00e0 Montreux-Vieux Le Lieutenant HUGOT-DERVILLE (Ren\u00e9-Marie-Louis)&nbsp; du 2\u00e8 mixte de Zouaves et Tirailleurs, n\u00e9 le &nbsp;25 mars 1886, a \u00e9t\u00e9 bless\u00e9 \u00e0 Montreux-Vieux le 14 ao\u00fbt 1914 et tu\u00e9 \u00e0 Mouilly-sous-Verdun, le 29 &hellip; <a href=\"https:\/\/montreux-vieux.net\/?page_id=9466\">Continuer la lecture <span class=\"meta-nav\">&rarr;<\/span><\/a><\/p>\n","protected":false},"author":1,"featured_media":0,"parent":12673,"menu_order":16,"comment_status":"closed","ping_status":"open","template":"","meta":{"footnotes":""},"class_list":["post-9466","page","type-page","status-publish","hentry"],"_links":{"self":[{"href":"https:\/\/montreux-vieux.net\/index.php?rest_route=\/wp\/v2\/pages\/9466","targetHints":{"allow":["GET"]}}],"collection":[{"href":"https:\/\/montreux-vieux.net\/index.php?rest_route=\/wp\/v2\/pages"}],"about":[{"href":"https:\/\/montreux-vieux.net\/index.php?rest_route=\/wp\/v2\/types\/page"}],"author":[{"embeddable":true,"href":"https:\/\/montreux-vieux.net\/index.php?rest_route=\/wp\/v2\/users\/1"}],"replies":[{"embeddable":true,"href":"https:\/\/montreux-vieux.net\/index.php?rest_route=%2Fwp%2Fv2%2Fcomments&post=9466"}],"version-history":[{"count":2,"href":"https:\/\/montreux-vieux.net\/index.php?rest_route=\/wp\/v2\/pages\/9466\/revisions"}],"predecessor-version":[{"id":12781,"href":"https:\/\/montreux-vieux.net\/index.php?rest_route=\/wp\/v2\/pages\/9466\/revisions\/12781"}],"up":[{"embeddable":true,"href":"https:\/\/montreux-vieux.net\/index.php?rest_route=\/wp\/v2\/pages\/12673"}],"wp:attachment":[{"href":"https:\/\/montreux-vieux.net\/index.php?rest_route=%2Fwp%2Fv2%2Fmedia&parent=9466"}],"curies":[{"name":"wp","href":"https:\/\/api.w.org\/{rel}","templated":true}]}}