{"id":9485,"date":"2017-07-12T15:27:39","date_gmt":"2017-07-12T14:27:39","guid":{"rendered":"http:\/\/montreux-vieux.net\/?page_id=9485"},"modified":"2019-01-02T10:12:06","modified_gmt":"2019-01-02T09:12:06","slug":"le-saviez-vous-violent-orage-a-montreux-vieux-le-29-juillet-1900","status":"publish","type":"page","link":"https:\/\/montreux-vieux.net\/?page_id=9485","title":{"rendered":"Le saviez-vous? Violent orage \u00e0 Montreux-Vieux le 29 juillet 1900"},"content":{"rendered":"<h3 style=\"text-align: center;\">Le saviez-vous? Violent orage \u00e0 Montreux-Vieux le 29 juillet 1900<\/h3>\n<h4>Dimanche 29 juillet 1900 &nbsp;un violent orage s\u2019est abattu sur les villages situ\u00e9s pr\u00e8s de la fronti\u00e8re franco-allemande. D\u2019\u00e9normes gr\u00ealons sont tomb\u00e9s.&nbsp;Nombre de vitres ont \u00e9t\u00e9 bris\u00e9es. Notamment \u00e0 l\u2019\u00e9glise de Montreux-Vieux et \u00e0 celle de Brebotte ainsi qu\u2019\u00e0 la maison d\u2019\u00e9cole et \u00e0 la gare de Petit Croix.<\/h4>\n<h4>Des arbres ont \u00e9t\u00e9 d\u00e9racin\u00e9s par le vent, surtout entre Bretagne et Montreux&nbsp;; des branches s\u00e9par\u00e9es de leur tronc, ont \u00e9t\u00e9 projet\u00e9s \u00e0 plus de 10 m\u00e8tres.&nbsp;Quelques animaux de basse-cour ont \u00e9t\u00e9 tu\u00e9s par les gr\u00ealons. Les r\u00e9coltes sont enti\u00e8rement perdues<\/h4>\n<p><a href=\"http:\/\/montreux-vieux.net\/montreux-vieux.net\/wp-content\/uploads\/2017\/07\/Montreux-Vieuxhaut-rhin.jpg\" target=\"_blank\" rel=\"noopener\"><img loading=\"lazy\" decoding=\"async\" class=\"aligncenter wp-image-9483 size-full\" src=\"http:\/\/montreux-vieux.net\/montreux-vieux.net\/wp-content\/uploads\/2017\/07\/Montreux-Vieuxhaut-rhin.jpg\" alt=\"Violent orage \u00e0 Montreux-Vieux le 29 juillet 1900\" width=\"945\" height=\"756\" srcset=\"https:\/\/montreux-vieux.net\/montreux-vieux.net\/wp-content\/uploads\/2017\/07\/Montreux-Vieuxhaut-rhin.jpg 945w, https:\/\/montreux-vieux.net\/montreux-vieux.net\/wp-content\/uploads\/2017\/07\/Montreux-Vieuxhaut-rhin-300x240.jpg 300w, https:\/\/montreux-vieux.net\/montreux-vieux.net\/wp-content\/uploads\/2017\/07\/Montreux-Vieuxhaut-rhin-768x614.jpg 768w, https:\/\/montreux-vieux.net\/montreux-vieux.net\/wp-content\/uploads\/2017\/07\/Montreux-Vieuxhaut-rhin-600x480.jpg 600w\" sizes=\"auto, (max-width: 945px) 100vw, 945px\" \/><\/a><\/p>\n","protected":false},"excerpt":{"rendered":"<p>Le saviez-vous? Violent orage \u00e0 Montreux-Vieux le 29 juillet 1900 Dimanche 29 juillet 1900 &nbsp;un violent orage s\u2019est abattu sur les villages situ\u00e9s pr\u00e8s de la fronti\u00e8re franco-allemande. D\u2019\u00e9normes gr\u00ealons sont tomb\u00e9s.&nbsp;Nombre de vitres ont \u00e9t\u00e9 bris\u00e9es. Notamment \u00e0 l\u2019\u00e9glise &hellip; <a href=\"https:\/\/montreux-vieux.net\/?page_id=9485\">Continuer la lecture <span class=\"meta-nav\">&rarr;<\/span><\/a><\/p>\n","protected":false},"author":1,"featured_media":0,"parent":13044,"menu_order":55,"comment_status":"closed","ping_status":"open","template":"","meta":{"footnotes":""},"class_list":["post-9485","page","type-page","status-publish","hentry"],"_links":{"self":[{"href":"https:\/\/montreux-vieux.net\/index.php?rest_route=\/wp\/v2\/pages\/9485","targetHints":{"allow":["GET"]}}],"collection":[{"href":"https:\/\/montreux-vieux.net\/index.php?rest_route=\/wp\/v2\/pages"}],"about":[{"href":"https:\/\/montreux-vieux.net\/index.php?rest_route=\/wp\/v2\/types\/page"}],"author":[{"embeddable":true,"href":"https:\/\/montreux-vieux.net\/index.php?rest_route=\/wp\/v2\/users\/1"}],"replies":[{"embeddable":true,"href":"https:\/\/montreux-vieux.net\/index.php?rest_route=%2Fwp%2Fv2%2Fcomments&post=9485"}],"version-history":[{"count":2,"href":"https:\/\/montreux-vieux.net\/index.php?rest_route=\/wp\/v2\/pages\/9485\/revisions"}],"predecessor-version":[{"id":13126,"href":"https:\/\/montreux-vieux.net\/index.php?rest_route=\/wp\/v2\/pages\/9485\/revisions\/13126"}],"up":[{"embeddable":true,"href":"https:\/\/montreux-vieux.net\/index.php?rest_route=\/wp\/v2\/pages\/13044"}],"wp:attachment":[{"href":"https:\/\/montreux-vieux.net\/index.php?rest_route=%2Fwp%2Fv2%2Fmedia&parent=9485"}],"curies":[{"name":"wp","href":"https:\/\/api.w.org\/{rel}","templated":true}]}}