{"id":9514,"date":"2017-07-22T16:40:46","date_gmt":"2017-07-22T15:40:46","guid":{"rendered":"http:\/\/montreux-vieux.net\/?page_id=9514"},"modified":"2018-12-25T17:20:39","modified_gmt":"2018-12-25T16:20:39","slug":"le-saviez-vous-les-conditions-extra-scolaires-du-travail-de-classe-des-enfants-vers-1930","status":"publish","type":"page","link":"https:\/\/montreux-vieux.net\/?page_id=9514","title":{"rendered":"Le saviez-vous? Les conditions extra scolaires du travail de classe des enfants vers 1930"},"content":{"rendered":"<h4 style=\"text-align: center;\"><strong>Le saviez-vous? Les conditions extra scolaires du travail de classe des enfants vers 1930<\/strong><\/h4>\n<h5 style=\"text-align: center;\">(Enqu\u00eate Sanitaire et Soci\u00e9t\u00e9)&nbsp;par M.Huckel inspecteur primaire \u00e0 Altkirch<\/h5>\n<h4>Voici quelques exemples d&rsquo;occupation des enfants autrefois dans le Sundgau.<\/h4>\n<h4 style=\"text-align: justify;\"><strong>En octobre&nbsp;:<\/strong> 5 h. 5 h. 30 R\u00e9veil, 5 h. 40, Soins \u00e0 l&rsquo;\u00e9table, 6 h. 30 Toilette. D\u00e9jeuner, 7 h. Eglise., &nbsp;8 h. 11 h. Classe, 11 h. 12 h. Cat\u00e9chisme (deux fois par semaine), 12 h. 13 h. D\u00e9jeuner. Menus travaux. Commissions, jeux dans la rue &nbsp;avant la classe,&nbsp;13 h. 16 h. classe,&nbsp;16 h\u00e0 la tomb\u00e9e de la nuit aller au p\u00e2turage, aux pommes de terres, aux betteraves, &nbsp;\u00e0 l\u2019\u00e9table, 20 h. 21 h. Souper, devoirs, le\u00e7ons,.&nbsp;21 h. Coucher.<\/h4>\n<h4 style=\"text-align: justify;\"><strong>De novembre \u00e0 mars &nbsp;<\/strong>5h 30 6h R\u00e9veil, 7 h. 11 h. ou 12 h. Comme pr\u00e9c\u00e9demment.&nbsp;Apr\u00e8s le d\u00e9jeuner, couper les betteraves.&nbsp;13 h. 16 h. Comme pr\u00e9c\u00e9demment.&nbsp;16 h. 17 h. 30 Travail \u00e0 l&rsquo;\u00e9table.&nbsp;17 h. 19 h. 30 Devoirs, le\u00e7ons, jeux.&nbsp;19 h. 30 20 h. 30 ou&rsquo; 21 h, parfois 22 h. Souper,&nbsp;Cette p\u00e9riode est la plus favorable au travail scolaire et&nbsp;\u00e0 la lecture des livres de biblioth\u00e8que. Elle correspond \u00e0 la p\u00e9riode des cours d&rsquo;adultes<\/h4>\n<p><a href=\"http:\/\/montreux-vieux.net\/montreux-vieux.net\/wp-content\/uploads\/2017\/07\/ScreenShot634.jpg\" target=\"_blank\" rel=\"noopener\"><img loading=\"lazy\" decoding=\"async\" class=\"aligncenter wp-image-9512 size-full\" src=\"http:\/\/montreux-vieux.net\/montreux-vieux.net\/wp-content\/uploads\/2017\/07\/ScreenShot634.jpg\" alt=\"\" width=\"660\" height=\"526\" srcset=\"https:\/\/montreux-vieux.net\/montreux-vieux.net\/wp-content\/uploads\/2017\/07\/ScreenShot634.jpg 660w, https:\/\/montreux-vieux.net\/montreux-vieux.net\/wp-content\/uploads\/2017\/07\/ScreenShot634-300x239.jpg 300w, https:\/\/montreux-vieux.net\/montreux-vieux.net\/wp-content\/uploads\/2017\/07\/ScreenShot634-600x478.jpg 600w\" sizes=\"auto, (max-width: 660px) 100vw, 660px\" \/><\/a><\/p>\n<h4 style=\"text-align: justify;\"><strong>D\u2019avril \u00e0 mai.&nbsp;<\/strong>5 h. R\u00e9veil, puis, comme pr\u00e9c\u00e9demment,&nbsp;travail \u00e0 l&rsquo;\u00e9table, etc.&nbsp;16h \u00e0 la tomb\u00e9e de la nuit r\u00e2teler les pr\u00e9s&nbsp;(fumier en couverture), planter les pommes de terre, jardiner, s&rsquo;occuper du b\u00e9tail.&nbsp;En mai binage des pommes de terre, repiquage des betteraves.&nbsp;Les devoirs sont faits de 20 h. \u00e0 21 h. en avril, de 21 h.&nbsp;\u00e0 21 h. 30 en mai.&nbsp;Coucher vers 21 h. en avril, vers 21 h. 30 ou 22 h. en&nbsp;mai.<\/h4>\n<h4 style=\"text-align: justify;\"><strong>Juin juillet <\/strong>(mois de la fenaison, de la moisson)&nbsp;4 h. 4 h. 30 R\u00e9veil.&nbsp;5 h. 6 h. 30 Aller au fourrage vert, au foin, \u00e0 l&rsquo;\u00e9table.&nbsp;6 h. 30 Toilette.&nbsp;Entre 11 h. et 13 h, d\u00e9jeuner h\u00e2tif, faner, r\u00e2teler, charger, rentrer d\u00e9charger, retourner charger, etc., s&rsquo;occuper de&nbsp;l&rsquo;\u00e9table.&nbsp;Il ne reste pas de temps pour les devoirs ils sont bacl\u00e9s&nbsp;h\u00e2tivement ou pas faits du tout.&nbsp;Le coucher a lieu apr\u00e8s 22 heures.<\/h4>\n<h4 style=\"text-align: justify;\">Dans cette m\u00eame enqu\u00eate un article int\u00e9ressant sur les \u00ab\u00a0Soci\u00e9t\u00e9s\u00a0\u00bb de l&rsquo;\u00e9poque dont celle de Montreux-sports<br \/>\nPatronages, pompiers (il faut apprendre&nbsp;jeune \u00e0 sonner le clairon ou battre le tambour), Soci\u00e9t\u00e9s de chant&nbsp;(Hochstatt), de musique (Carspach-Tagoisheim), de foot-ball&nbsp;(Montreux-Vieux),&nbsp;de scoutisme (Faucons rouges, \u00e0 Fr\u0153ningen).<br \/>\nCes soci\u00e9t\u00e9s, en soi, se proposent des buts \u00e9ducatifs. Mais il&nbsp;arrive parfois, malheureusement, que les soirs de r\u00e9union, on&nbsp;fume, on se mette \u00e0 boire des boissons alcooliques, ce qui am\u00e8ne&nbsp;de d\u00e9plorables r\u00e9sultats ]e jour de classe du lendemain. On peut&nbsp;regretter aussi les abus de certains matchs pr\u00e9matur\u00e9s, fausse&nbsp;conception du sport qui entra\u00eene des troubles cardiaques et d&rsquo;excessives fatigues&nbsp;(Montrcux-Vieux).<\/h4>\n<h6>Sources&nbsp;\u00b7&nbsp; Le Mouvement sanitaire : organe officiel de<strong> &#8230;&nbsp;<\/strong>Soci\u00e9t\u00e9 de m\u00e9decine publique et de g\u00e9nie sanitaire (France). 1937<\/h6>\n<p>&nbsp;<\/p>\n","protected":false},"excerpt":{"rendered":"<p>Le saviez-vous? Les conditions extra scolaires du travail de classe des enfants vers 1930 (Enqu\u00eate Sanitaire et Soci\u00e9t\u00e9)&nbsp;par M.Huckel inspecteur primaire \u00e0 Altkirch Voici quelques exemples d&rsquo;occupation des enfants autrefois dans le Sundgau. En octobre&nbsp;: 5 h. 5 h. 30 &hellip; <a href=\"https:\/\/montreux-vieux.net\/?page_id=9514\">Continuer la lecture <span class=\"meta-nav\">&rarr;<\/span><\/a><\/p>\n","protected":false},"author":1,"featured_media":0,"parent":12826,"menu_order":12,"comment_status":"closed","ping_status":"open","template":"","meta":{"footnotes":""},"class_list":["post-9514","page","type-page","status-publish","hentry"],"_links":{"self":[{"href":"https:\/\/montreux-vieux.net\/index.php?rest_route=\/wp\/v2\/pages\/9514","targetHints":{"allow":["GET"]}}],"collection":[{"href":"https:\/\/montreux-vieux.net\/index.php?rest_route=\/wp\/v2\/pages"}],"about":[{"href":"https:\/\/montreux-vieux.net\/index.php?rest_route=\/wp\/v2\/types\/page"}],"author":[{"embeddable":true,"href":"https:\/\/montreux-vieux.net\/index.php?rest_route=\/wp\/v2\/users\/1"}],"replies":[{"embeddable":true,"href":"https:\/\/montreux-vieux.net\/index.php?rest_route=%2Fwp%2Fv2%2Fcomments&post=9514"}],"version-history":[{"count":2,"href":"https:\/\/montreux-vieux.net\/index.php?rest_route=\/wp\/v2\/pages\/9514\/revisions"}],"predecessor-version":[{"id":12997,"href":"https:\/\/montreux-vieux.net\/index.php?rest_route=\/wp\/v2\/pages\/9514\/revisions\/12997"}],"up":[{"embeddable":true,"href":"https:\/\/montreux-vieux.net\/index.php?rest_route=\/wp\/v2\/pages\/12826"}],"wp:attachment":[{"href":"https:\/\/montreux-vieux.net\/index.php?rest_route=%2Fwp%2Fv2%2Fmedia&parent=9514"}],"curies":[{"name":"wp","href":"https:\/\/api.w.org\/{rel}","templated":true}]}}