{"id":9617,"date":"2017-08-29T18:15:31","date_gmt":"2017-08-29T17:15:31","guid":{"rendered":"http:\/\/montreux-vieux.net\/?page_id=9617"},"modified":"2018-12-25T16:07:13","modified_gmt":"2018-12-25T15:07:13","slug":"le-saviez-vous-des-cours-de-broderie-a-montreux-vieux","status":"publish","type":"page","link":"https:\/\/montreux-vieux.net\/?page_id=9617","title":{"rendered":"Le saviez-vous ? Des cours de broderie \u00e0 Montreux-Vieux"},"content":{"rendered":"<h3 style=\"text-align: center;\">Le saviez-vous ? Des cours de broderie \u00e0 Montreux-Vieux<\/h3>\n<h4>Des cours de broderie gratuits \u00e9taient dispens\u00e9s en 1927 par la Compagnie de machine \u00e0 coudre Singer en 1927. Voici une photo prise dans la cour du caf\u00e9-restaurant Messinger.<\/h4>\n<p><a href=\"http:\/\/montreux-vieux.net\/montreux-vieux.net\/wp-content\/uploads\/2017\/08\/Num\u00e9riser0002.jpg\" target=\"_blank\" rel=\"noopener\"><img loading=\"lazy\" decoding=\"async\" class=\"aligncenter wp-image-9615 size-large\" src=\"http:\/\/montreux-vieux.net\/montreux-vieux.net\/wp-content\/uploads\/2017\/08\/Num\u00e9riser0002-1024x655.jpg\" alt=\"Des cours de broderie \u00e0 Montreux-Vieux  \" width=\"640\" height=\"409\" srcset=\"https:\/\/montreux-vieux.net\/montreux-vieux.net\/wp-content\/uploads\/2017\/08\/Num\u00e9riser0002-1024x655.jpg 1024w, https:\/\/montreux-vieux.net\/montreux-vieux.net\/wp-content\/uploads\/2017\/08\/Num\u00e9riser0002-300x192.jpg 300w, https:\/\/montreux-vieux.net\/montreux-vieux.net\/wp-content\/uploads\/2017\/08\/Num\u00e9riser0002-768x492.jpg 768w, https:\/\/montreux-vieux.net\/montreux-vieux.net\/wp-content\/uploads\/2017\/08\/Num\u00e9riser0002-600x384.jpg 600w, https:\/\/montreux-vieux.net\/montreux-vieux.net\/wp-content\/uploads\/2017\/08\/Num\u00e9riser0002.jpg 1114w\" sizes=\"auto, (max-width: 640px) 100vw, 640px\" \/><\/a><\/p>\n<p>&nbsp;<\/p>\n","protected":false},"excerpt":{"rendered":"<p>Le saviez-vous ? Des cours de broderie \u00e0 Montreux-Vieux Des cours de broderie gratuits \u00e9taient dispens\u00e9s en 1927 par la Compagnie de machine \u00e0 coudre Singer en 1927. Voici une photo prise dans la cour du caf\u00e9-restaurant Messinger. &nbsp;<\/p>\n","protected":false},"author":1,"featured_media":0,"parent":12826,"menu_order":10,"comment_status":"closed","ping_status":"open","template":"","meta":{"footnotes":""},"class_list":["post-9617","page","type-page","status-publish","hentry"],"_links":{"self":[{"href":"https:\/\/montreux-vieux.net\/index.php?rest_route=\/wp\/v2\/pages\/9617","targetHints":{"allow":["GET"]}}],"collection":[{"href":"https:\/\/montreux-vieux.net\/index.php?rest_route=\/wp\/v2\/pages"}],"about":[{"href":"https:\/\/montreux-vieux.net\/index.php?rest_route=\/wp\/v2\/types\/page"}],"author":[{"embeddable":true,"href":"https:\/\/montreux-vieux.net\/index.php?rest_route=\/wp\/v2\/users\/1"}],"replies":[{"embeddable":true,"href":"https:\/\/montreux-vieux.net\/index.php?rest_route=%2Fwp%2Fv2%2Fcomments&post=9617"}],"version-history":[{"count":2,"href":"https:\/\/montreux-vieux.net\/index.php?rest_route=\/wp\/v2\/pages\/9617\/revisions"}],"predecessor-version":[{"id":12831,"href":"https:\/\/montreux-vieux.net\/index.php?rest_route=\/wp\/v2\/pages\/9617\/revisions\/12831"}],"up":[{"embeddable":true,"href":"https:\/\/montreux-vieux.net\/index.php?rest_route=\/wp\/v2\/pages\/12826"}],"wp:attachment":[{"href":"https:\/\/montreux-vieux.net\/index.php?rest_route=%2Fwp%2Fv2%2Fmedia&parent=9617"}],"curies":[{"name":"wp","href":"https:\/\/api.w.org\/{rel}","templated":true}]}}