{"id":9649,"date":"2017-09-03T15:52:14","date_gmt":"2017-09-03T14:52:14","guid":{"rendered":"http:\/\/montreux-vieux.net\/?page_id=9649"},"modified":"2019-01-02T14:52:47","modified_gmt":"2019-01-02T13:52:47","slug":"la-fete-dieu-autrefois","status":"publish","type":"page","link":"https:\/\/montreux-vieux.net\/?page_id=9649","title":{"rendered":"La F\u00eate-Dieu autrefois"},"content":{"rendered":"<h3 class=\"soustitre\" style=\"text-align: center;\">La F\u00eate-Dieu autrefois<\/h3>\n<p><a href=\"http:\/\/montreux-vieux.net\/montreux-vieux.net\/wp-content\/uploads\/2017\/09\/885_0012.jpg\" target=\"_blank\" rel=\"noopener\"><img loading=\"lazy\" decoding=\"async\" class=\"aligncenter wp-image-9647 size-full\" src=\"http:\/\/montreux-vieux.net\/montreux-vieux.net\/wp-content\/uploads\/2017\/09\/885_0012.jpg\" alt=\"\" width=\"1019\" height=\"657\" srcset=\"https:\/\/montreux-vieux.net\/montreux-vieux.net\/wp-content\/uploads\/2017\/09\/885_0012.jpg 1019w, https:\/\/montreux-vieux.net\/montreux-vieux.net\/wp-content\/uploads\/2017\/09\/885_0012-300x193.jpg 300w, https:\/\/montreux-vieux.net\/montreux-vieux.net\/wp-content\/uploads\/2017\/09\/885_0012-768x495.jpg 768w, https:\/\/montreux-vieux.net\/montreux-vieux.net\/wp-content\/uploads\/2017\/09\/885_0012-600x387.jpg 600w\" sizes=\"auto, (max-width: 1019px) 100vw, 1019px\" \/><\/a><\/p>\n<h4>Quinze jours avant la Pentec\u00f4te, la F\u00eate-Dieu \u00e9tait l&rsquo;occasion de porter l&rsquo;eucharistie dans les rues. Tous les paroissiens \u00e9taient mobilis\u00e9s pour sa pr\u00e9paration : les enfants collectaient des fleurs, en particulier les p\u00e9tales de roses qui devaient tapisser le sol. Les femmes fleurissaient les autels et les reposoirs. Il y avait un autel devant l&rsquo;\u00e9glise, au autre pr\u00e8s de la mairie, devant les maisons Steinmetz, Dietrich, Huggenberger et certainement d&rsquo;autres. Des armoires, on sortait les plus belles \u00e9toffes et les plus beaux tapis pour orner autels et reposoirs.<br \/>\nCette f\u00eate avait une grande importance pour le Sundgauvien. Comme partout en Alsace, on parait les fa\u00e7ades de feuillages, on jonchait le sol de fleurs et de verdure, ainsi que les anc\u00eatres avaient eu l&rsquo;habitude de le faire sur le passage d&rsquo;un grand seigneur.<br \/>\nLes reposoirs \u00e9taient orn\u00e9s de fleurs, les fillettes, v\u00eatus de blanc portaient des paniers remplis de p\u00e9tales de roses. Les femmes mettaient, ce jour-l\u00e0, leurs plus beaux atours. Le souci vestimentaire signifie-t-il qu&rsquo;on allait \u00e0 la procession \u00ab\u00a0pour se montrer\u00a0\u00bb ? Si ce n&rsquo;\u00e9tait pas toujours exclu, il est certain que, pour l&rsquo;\u00e2me paysanne, le soin ou m\u00eame la recherche qui pr\u00e9sidait la toilette, en une occasion comme celle-l\u00e0, t\u00e9moignait de l&rsquo;intention qu&rsquo;on avait d&rsquo;\u00eatre jusque dans son aspect ext\u00e9rieur au diapason de la f\u00eate.<\/h4>\n","protected":false},"excerpt":{"rendered":"<p>La F\u00eate-Dieu autrefois Quinze jours avant la Pentec\u00f4te, la F\u00eate-Dieu \u00e9tait l&rsquo;occasion de porter l&rsquo;eucharistie dans les rues. Tous les paroissiens \u00e9taient mobilis\u00e9s pour sa pr\u00e9paration : les enfants collectaient des fleurs, en particulier les p\u00e9tales de roses qui devaient &hellip; <a href=\"https:\/\/montreux-vieux.net\/?page_id=9649\">Continuer la lecture <span class=\"meta-nav\">&rarr;<\/span><\/a><\/p>\n","protected":false},"author":1,"featured_media":0,"parent":13028,"menu_order":16,"comment_status":"closed","ping_status":"open","template":"","meta":{"footnotes":""},"class_list":["post-9649","page","type-page","status-publish","hentry"],"_links":{"self":[{"href":"https:\/\/montreux-vieux.net\/index.php?rest_route=\/wp\/v2\/pages\/9649","targetHints":{"allow":["GET"]}}],"collection":[{"href":"https:\/\/montreux-vieux.net\/index.php?rest_route=\/wp\/v2\/pages"}],"about":[{"href":"https:\/\/montreux-vieux.net\/index.php?rest_route=\/wp\/v2\/types\/page"}],"author":[{"embeddable":true,"href":"https:\/\/montreux-vieux.net\/index.php?rest_route=\/wp\/v2\/users\/1"}],"replies":[{"embeddable":true,"href":"https:\/\/montreux-vieux.net\/index.php?rest_route=%2Fwp%2Fv2%2Fcomments&post=9649"}],"version-history":[{"count":2,"href":"https:\/\/montreux-vieux.net\/index.php?rest_route=\/wp\/v2\/pages\/9649\/revisions"}],"predecessor-version":[{"id":13365,"href":"https:\/\/montreux-vieux.net\/index.php?rest_route=\/wp\/v2\/pages\/9649\/revisions\/13365"}],"up":[{"embeddable":true,"href":"https:\/\/montreux-vieux.net\/index.php?rest_route=\/wp\/v2\/pages\/13028"}],"wp:attachment":[{"href":"https:\/\/montreux-vieux.net\/index.php?rest_route=%2Fwp%2Fv2%2Fmedia&parent=9649"}],"curies":[{"name":"wp","href":"https:\/\/api.w.org\/{rel}","templated":true}]}}