{"id":9743,"date":"2017-09-17T16:27:49","date_gmt":"2017-09-17T15:27:49","guid":{"rendered":"http:\/\/montreux-vieux.net\/?page_id=9743"},"modified":"2020-06-26T13:18:51","modified_gmt":"2020-06-26T12:18:51","slug":"montreux-vieux-la-fete-du-village-autrefois-en-alsace-la-kilbe","status":"publish","type":"page","link":"https:\/\/montreux-vieux.net\/?page_id=9743","title":{"rendered":"Montreux-Vieux la f\u00eate du village autrefois. (En Alsace la Kilbe)"},"content":{"rendered":"<h3 style=\"text-align: center;\">Montreux-Vieux la f\u00eate du village autrefois. (En Alsace la Kilbe)<\/h3>\n<h4 style=\"text-align: justify;\">Chaque ann\u00e9e \u00e0 Montreux-Vieux, au mois d\u2019ao\u00fbt, les associations locales ou les conscrits organisaient la f\u00eate du village dite la \u00ab&nbsp;kilbe&nbsp;\u00bb. Ces festivit\u00e9s qui ont d\u00e9but\u00e9es vers 1950 se sont poursuivies jusqu\u2019aux environs des ann\u00e9es 1975. Elles donnaient l\u2019occasion&nbsp; aux&nbsp; familles et amis de se retrouver et de passer d\u2019agr\u00e9ables moments. Le lieu de la f\u00eate &nbsp;\u00e9tait situ\u00e9 pr\u00e8s des \u00e9coles actuelles &nbsp;et ses alentours sauf les derni\u00e8res ann\u00e9es ou tout se passait devant le b\u00e2timent de la gare et son prolongement. Un bal \u00e9tait mont\u00e9 avec une buvette garnie de tables et de bancs, l\u2019ossature de la structure \u00e9tait en bois recouverte de b\u00e2ches de diff\u00e9rentes couleurs, la piste du bal en parquet de ch\u00eane &nbsp;\u00e9tait surmont\u00e9e d\u2019une petite sc\u00e8ne sur laquelle les musiciens s\u2019installaient et r\u00e9alisaient leurs prestations.<\/h4>\n<div id=\"attachment_9738\" style=\"width: 1037px\" class=\"wp-caption aligncenter\"><a href=\"http:\/\/montreux-vieux.net\/montreux-vieux.net\/wp-content\/uploads\/2017\/09\/ScreenShot010.jpg\" target=\"_blank\" rel=\"noopener noreferrer\"><img loading=\"lazy\" decoding=\"async\" aria-describedby=\"caption-attachment-9738\" class=\"wp-image-9738 size-full\" src=\"http:\/\/montreux-vieux.net\/montreux-vieux.net\/wp-content\/uploads\/2017\/09\/ScreenShot010.jpg\" alt=\"\" width=\"1027\" height=\"718\" srcset=\"https:\/\/montreux-vieux.net\/montreux-vieux.net\/wp-content\/uploads\/2017\/09\/ScreenShot010.jpg 1027w, https:\/\/montreux-vieux.net\/montreux-vieux.net\/wp-content\/uploads\/2017\/09\/ScreenShot010-300x210.jpg 300w, https:\/\/montreux-vieux.net\/montreux-vieux.net\/wp-content\/uploads\/2017\/09\/ScreenShot010-768x537.jpg 768w, https:\/\/montreux-vieux.net\/montreux-vieux.net\/wp-content\/uploads\/2017\/09\/ScreenShot010-1024x716.jpg 1024w, https:\/\/montreux-vieux.net\/montreux-vieux.net\/wp-content\/uploads\/2017\/09\/ScreenShot010-600x419.jpg 600w\" sizes=\"auto, (max-width: 1027px) 100vw, 1027px\" \/><\/a><p id=\"caption-attachment-9738\" class=\"wp-caption-text\">Les Silver Star durant une de leurs prestations<\/p><\/div>\n<h4 style=\"text-align: justify;\">Les organisateurs, afin de rendre la piste &nbsp;plus glissante, &nbsp;pour&nbsp; faciliter la danse, versaient avant le d\u00e9but des festivit\u00e9s de la paraffine sur le plancher. Il fallait acheter un ticket pour se pr\u00e9senter sur la piste de danses sans quoi il n\u2019\u00e9tait pas possible d\u2019acc\u00e9der \u00e0 la piste. A cette \u00e9poque&nbsp; la techno n\u2019existait pas, mais il y avait: la valse, le tango, le cha cha, le bol\u00e9ro, la marche, le paso doble, la rumba, la mazurka &nbsp;et d\u2019autres.<\/h4>\n<h4 style=\"text-align: justify;\">Sous le chapiteau dans un coin de la structure,&nbsp; \u00e9tait \u00e9rig\u00e9 le \u00ab&nbsp;bar champagne&nbsp;\u00bb ou \u00e9taient servies diverses boissons dont le fameux \u00ab&nbsp;vin mousseux&nbsp;\u00bb qui ne faisait pas toujours du bien \u00e0 la t\u00eate. Le fournisseur de boissons de l\u2019\u00e9poque \u00e9tait alors M. Barbier Ernest de Montreux-Vieux &nbsp;qui travaillait &nbsp;sous l\u2019enseigne \u00ab&nbsp;Les Caves Saint Alban&nbsp;\u00bb. Pour rafraichir les boissons, des pains de glace provenant de la boucherie Braunstedter \u00e9taient dispos\u00e9s au fond d\u2019un&nbsp; bac en bois muni d\u2019un couvercle sur lesquels la boisson \u00e9tait pos\u00e9e de mani\u00e8re qu\u2019elle reste fra\u00eeche. Pour celles et ceux qui avaient une petite faim il y avait toujours des casse-cro\u00fbte, et bien entendu les traditionnelles \u00ab&nbsp;Winerla&nbsp;\u00bb, viennoises chaudes avec ou sans moutarde, le ketchup n\u2019existait pas.<\/h4>\n<h4 style=\"text-align: justify;\">La f\u00eate d\u00e9butait le samedi soir puis se poursuivait le dimanche apr\u00e8s midi, le dimanche soir, idem pour la semaine suivante et ou la f\u00eate se terminait le dimanche soir.<\/h4>\n<p><a href=\"http:\/\/montreux-vieux.net\/montreux-vieux.net\/wp-content\/uploads\/2017\/09\/la-kilbe-autrefois-1.jpg\" target=\"_blank\" rel=\"noopener noreferrer\"><img loading=\"lazy\" decoding=\"async\" class=\"aligncenter wp-image-9737 size-full\" src=\"http:\/\/montreux-vieux.net\/montreux-vieux.net\/wp-content\/uploads\/2017\/09\/la-kilbe-autrefois-1.jpg\" alt=\"\" width=\"945\" height=\"756\" srcset=\"https:\/\/montreux-vieux.net\/montreux-vieux.net\/wp-content\/uploads\/2017\/09\/la-kilbe-autrefois-1.jpg 945w, https:\/\/montreux-vieux.net\/montreux-vieux.net\/wp-content\/uploads\/2017\/09\/la-kilbe-autrefois-1-300x240.jpg 300w, https:\/\/montreux-vieux.net\/montreux-vieux.net\/wp-content\/uploads\/2017\/09\/la-kilbe-autrefois-1-768x614.jpg 768w, https:\/\/montreux-vieux.net\/montreux-vieux.net\/wp-content\/uploads\/2017\/09\/la-kilbe-autrefois-1-600x480.jpg 600w\" sizes=\"auto, (max-width: 945px) 100vw, 945px\" \/><\/a><\/p>\n<h4 style=\"text-align: justify;\">Autour du bal il y avait quelques man\u00e8ges&nbsp;: les chevaux de bois destin\u00e9s&nbsp; principalement aux enfants, les balan\u00e7oires en forme de bateaux, les chenilles, un man\u00e8ge \u00e0 grande sensations pour l\u2019\u00e9poque, le cri-cri, man\u00e8ge ou les si\u00e8ges \u00e9taient suspendus par des cha\u00eenes et qui tournait, les auto-tamponneuses ou des \u00ab&nbsp;bleus et bosses&nbsp;\u00bb faisaient leurs apparitions \u00e0 la descente des engins, ainsi qu\u2019un man\u00e8ge avec de petits avions&nbsp; destin\u00e9 \u00e9galement aux petits enfants.<\/h4>\n<h4 style=\"text-align: justify;\">Des forains installaient le long de la route des stands de friandises, de tirs, des jeux de loterie, &nbsp;les organisateurs&nbsp; de la f\u00eate de leur c\u00f4t\u00e9 am\u00e9nageaient celui dit de \u00ab&nbsp;casseroles&nbsp;\u00bb jeu ou il fallait faire tomber des casseroles pos\u00e9es sur une planche en les visant avec des boules de chiffons lanc\u00e9es \u00e0 partir d\u2019une certaine distance, sans oublier le traditionnel jeu de quilles en bois.<\/h4>\n<h4 style=\"text-align: justify;\">Les associations ou conscrits organisaient quelques jeux dont la course aux sacs (il fallait courir dans un sac de type \u00ab de pommes de terre&nbsp;\u00bb), &nbsp;le m\u00e2t de cocagne qu\u2019il fallait escalader pour d\u00e9crocher des friandises, jambons etc, &nbsp;les pots d\u2019argile &nbsp;remplis soit par du sable, de l\u2019eau, de la sciure de bois &nbsp;etc accroch\u00e9s en hauteur \u00e0 une corde qu\u2019il fallait casser, les yeux band\u00e9s, avec un b\u00e2ton en bois.<\/h4>\n<h4 style=\"text-align: justify;\">Le propri\u00e9taire du man\u00e8ge dit \u00ab&nbsp;cri cri&nbsp;\u00bb \u00e9tait Monsieur Issemann, il y avait \u00e9galement un autre Monsieur, propri\u00e9taire de petits man\u00e8ges dont le surnom \u00e9tait Monsieur \u00ab&nbsp;Lamouche&nbsp;\u00bb. Ces personnes &nbsp;\u00e9taient connues par de nombreux enfants qui, tous les ans, les attendaient avec impatience.<\/h4>\n<h4 style=\"text-align: justify;\">Quelques bagarres \u00e9clataient de temps en temps comme partout mais la f\u00eate du village \u00e9tait surtout un moment de convivialit\u00e9, de rire, de r\u00eaves pour les grands et les petits. Beaucoup de montreusiennes et montreusiens se souviennent aujourd&rsquo;hui encore de cette f\u00eate du village avec une certaine nostalgie.<\/h4>\n\n\n<p><\/p>\n\n\n\n<p>MONTREUX-VIEUX La f\u00eate locale. La f\u00eale traditionnelle se tiendra cette ann\u00e9e les cinq, six et douze ao\u00fbt prochain, \u00e0 l\u2019emplacement habituel. L\u2019organisation en est particuli\u00e8rement soign\u00e9e, et toutes les soci\u00e9t\u00e9s locales participeront a la mise sur pieds des r\u00e9jouissances diverses. Et sans doute la f\u00eate de Montreux-Vieux verra-t-elle cette ann\u00e9e encore\u00a0 accueillir de \u00a0tous cot\u00e9s jeunes et vieux<\/p>\n\n\n\n<p>Sources&nbsp;: L\u2019Express de Mulhouse 20 juillet 1934<\/p>\n","protected":false},"excerpt":{"rendered":"<p>Montreux-Vieux la f\u00eate du village autrefois. (En Alsace la Kilbe) Chaque ann\u00e9e \u00e0 Montreux-Vieux, au mois d\u2019ao\u00fbt, les associations locales ou les conscrits organisaient la f\u00eate du village dite la \u00ab&nbsp;kilbe&nbsp;\u00bb. Ces festivit\u00e9s qui ont d\u00e9but\u00e9es vers 1950 se sont &hellip; <a href=\"https:\/\/montreux-vieux.net\/?page_id=9743\">Continuer la lecture <span class=\"meta-nav\">&rarr;<\/span><\/a><\/p>\n","protected":false},"author":1,"featured_media":0,"parent":13042,"menu_order":16,"comment_status":"closed","ping_status":"open","template":"","meta":{"footnotes":""},"class_list":["post-9743","page","type-page","status-publish","hentry"],"_links":{"self":[{"href":"https:\/\/montreux-vieux.net\/index.php?rest_route=\/wp\/v2\/pages\/9743","targetHints":{"allow":["GET"]}}],"collection":[{"href":"https:\/\/montreux-vieux.net\/index.php?rest_route=\/wp\/v2\/pages"}],"about":[{"href":"https:\/\/montreux-vieux.net\/index.php?rest_route=\/wp\/v2\/types\/page"}],"author":[{"embeddable":true,"href":"https:\/\/montreux-vieux.net\/index.php?rest_route=\/wp\/v2\/users\/1"}],"replies":[{"embeddable":true,"href":"https:\/\/montreux-vieux.net\/index.php?rest_route=%2Fwp%2Fv2%2Fcomments&post=9743"}],"version-history":[{"count":4,"href":"https:\/\/montreux-vieux.net\/index.php?rest_route=\/wp\/v2\/pages\/9743\/revisions"}],"predecessor-version":[{"id":19853,"href":"https:\/\/montreux-vieux.net\/index.php?rest_route=\/wp\/v2\/pages\/9743\/revisions\/19853"}],"up":[{"embeddable":true,"href":"https:\/\/montreux-vieux.net\/index.php?rest_route=\/wp\/v2\/pages\/13042"}],"wp:attachment":[{"href":"https:\/\/montreux-vieux.net\/index.php?rest_route=%2Fwp%2Fv2%2Fmedia&parent=9743"}],"curies":[{"name":"wp","href":"https:\/\/api.w.org\/{rel}","templated":true}]}}