{"id":9824,"date":"2017-10-02T15:44:41","date_gmt":"2017-10-02T14:44:41","guid":{"rendered":"http:\/\/montreux-vieux.net\/?page_id=9824"},"modified":"2019-02-03T16:20:16","modified_gmt":"2019-02-03T15:20:16","slug":"les-croix-et-calvaires-de-montreux-vieux","status":"publish","type":"page","link":"https:\/\/montreux-vieux.net\/?page_id=9824","title":{"rendered":"Les croix et calvaires de Montreux-Vieux."},"content":{"rendered":"<h3 style=\"text-align: center;\">Les croix et calvaires de Montreux-Vieux.<\/h3>\n<h4 style=\"text-align: justify;\">Souvent plac\u00e9s aux carrefours, ou au bord d\u2019une rue, d\u2019un chemin ou d\u2019une place, les croix et calvaires font partie des \u00e9l\u00e9ments du patrimoine et son plus de 5\u00a0000 en Alsace.<\/h4>\n<h4 style=\"text-align: justify;\">A Montreux-Vieux un calvaire est implant\u00e9 \u00e0 l\u2019entr\u00e9e de la rue des Sources (autrefois plus \u00e0 droite mais a du \u00eatre d\u00e9plac\u00e9 suite \u00e0 la construction de la nouvelle route jouxtant la propri\u00e9t\u00e9 de M. Kirchoffer). C\u2019est celui \u00e0 gauche de la photo.<\/h4>\n<h4 style=\"text-align: justify;\">Un deuxi\u00e8me calvaire se trouve \u00e9galement sur la propri\u00e9t\u00e9 de la commune \u00e0 l\u2019emplacement de b\u00e2timent de l\u2019ancienne Poste. Celui-ci \u00e9galement a du \u00eatre plac\u00e9 en retrait suite \u00e0 des travaux d\u2019\u00e9largissement de la voie. (C\u2019est le deuxi\u00e8me sur la photo en partant de la gauche)<\/h4>\n<h4 style=\"text-align: justify;\">Par contre il y avait autrefois un autre calvaire en gr\u00e8s rose ressemblant \u00e0 celui figurant sur la photo en haut \u00e0 droite, \u00a0implant\u00e9 le long de la route \u00e0 la fin de la propri\u00e9t\u00e9 de la maison de Monsieur De Vittori Lucien mais a du \u00eatre retir\u00e9 suite \u00e0 la construction du lotissement des Bourquardettes. Des recherches ont \u00e9t\u00e9 effectu\u00e9es afin de le retrouver soit dans le nouveau ou dans l\u2019ancien cimeti\u00e8re mais sans succ\u00e8s. Il a certainement du \u00eatre d\u00e9truit.<\/h4>\n<h4 style=\"text-align: justify;\">Devant l\u2019\u00e9glise par contre pr\u00e8s de la bascule, comme le montre la photo en bas \u00e0 droite, il y avait un monticule de pierre surmont\u00e9 d\u2019une croix. Certains disent que c\u2019\u00e9tait un calvaire, une autre personne m\u2019a pr\u00e9tendu qu\u2019il s\u2019agissait d\u2019un puits. L\u00e0 \u00e9galement, des recherches sont en cours. Compte tenu que le blog est interactif n\u2019h\u00e9sitez pas \u00e0 me dire ce que vous savez sur celui-ci, Toutes les informations sont importantes.<\/h4>\n<div id=\"attachment_9822\" style=\"width: 955px\" class=\"wp-caption alignnone\"><a href=\"http:\/\/montreux-vieux.net\/montreux-vieux.net\/wp-content\/uploads\/2017\/10\/Mens-Closet-Essentials.jpg\" target=\"_blank\" rel=\"noopener\"><img loading=\"lazy\" decoding=\"async\" aria-describedby=\"caption-attachment-9822\" class=\"wp-image-9822 size-full\" src=\"http:\/\/montreux-vieux.net\/montreux-vieux.net\/wp-content\/uploads\/2017\/10\/Mens-Closet-Essentials.jpg\" alt=\"Les croix et calvaires de Montreux-Vieux.\" width=\"945\" height=\"756\" srcset=\"https:\/\/montreux-vieux.net\/montreux-vieux.net\/wp-content\/uploads\/2017\/10\/Mens-Closet-Essentials.jpg 945w, https:\/\/montreux-vieux.net\/montreux-vieux.net\/wp-content\/uploads\/2017\/10\/Mens-Closet-Essentials-300x240.jpg 300w, https:\/\/montreux-vieux.net\/montreux-vieux.net\/wp-content\/uploads\/2017\/10\/Mens-Closet-Essentials-768x614.jpg 768w, https:\/\/montreux-vieux.net\/montreux-vieux.net\/wp-content\/uploads\/2017\/10\/Mens-Closet-Essentials-600x480.jpg 600w\" sizes=\"auto, (max-width: 945px) 100vw, 945px\" \/><\/a><p id=\"caption-attachment-9822\" class=\"wp-caption-text\">A gauche le calvaire \u00e0 l&rsquo;entr\u00e9e du lotissement de la rue des Soures, au dessus au milieu celui devant l&rsquo;ancienne Poste, \u00e0 droite un calvaire n&rsquo;existant pas \u00e0 Montreux-Vieux mais ressemblant \u00e0 celui implant\u00e9 autrefois \u00e0 la fin de la propri\u00e9t\u00e9 de Mr De Vittori Lucien et \u00e0 droite en bas de la photo celui devant l&rsquo;\u00e9glise constitu\u00e9 d&rsquo;un monticule de pierres surmont\u00e9 d&rsquo;une croix pouvant \u00eatre un calvaire ou un puits.<\/p><\/div>\n","protected":false},"excerpt":{"rendered":"<p>Les croix et calvaires de Montreux-Vieux. Souvent plac\u00e9s aux carrefours, ou au bord d\u2019une rue, d\u2019un chemin ou d\u2019une place, les croix et calvaires font partie des \u00e9l\u00e9ments du patrimoine et son plus de 5\u00a0000 en Alsace. A Montreux-Vieux un &hellip; <a href=\"https:\/\/montreux-vieux.net\/?page_id=9824\">Continuer la lecture <span class=\"meta-nav\">&rarr;<\/span><\/a><\/p>\n","protected":false},"author":1,"featured_media":0,"parent":13026,"menu_order":2,"comment_status":"closed","ping_status":"open","template":"","meta":{"footnotes":""},"class_list":["post-9824","page","type-page","status-publish","hentry"],"_links":{"self":[{"href":"https:\/\/montreux-vieux.net\/index.php?rest_route=\/wp\/v2\/pages\/9824","targetHints":{"allow":["GET"]}}],"collection":[{"href":"https:\/\/montreux-vieux.net\/index.php?rest_route=\/wp\/v2\/pages"}],"about":[{"href":"https:\/\/montreux-vieux.net\/index.php?rest_route=\/wp\/v2\/types\/page"}],"author":[{"embeddable":true,"href":"https:\/\/montreux-vieux.net\/index.php?rest_route=\/wp\/v2\/users\/1"}],"replies":[{"embeddable":true,"href":"https:\/\/montreux-vieux.net\/index.php?rest_route=%2Fwp%2Fv2%2Fcomments&post=9824"}],"version-history":[{"count":6,"href":"https:\/\/montreux-vieux.net\/index.php?rest_route=\/wp\/v2\/pages\/9824\/revisions"}],"predecessor-version":[{"id":14614,"href":"https:\/\/montreux-vieux.net\/index.php?rest_route=\/wp\/v2\/pages\/9824\/revisions\/14614"}],"up":[{"embeddable":true,"href":"https:\/\/montreux-vieux.net\/index.php?rest_route=\/wp\/v2\/pages\/13026"}],"wp:attachment":[{"href":"https:\/\/montreux-vieux.net\/index.php?rest_route=%2Fwp%2Fv2%2Fmedia&parent=9824"}],"curies":[{"name":"wp","href":"https:\/\/api.w.org\/{rel}","templated":true}]}}