{"id":9832,"date":"2017-10-03T16:32:55","date_gmt":"2017-10-03T15:32:55","guid":{"rendered":"http:\/\/montreux-vieux.net\/?page_id=9832"},"modified":"2020-10-22T13:37:20","modified_gmt":"2020-10-22T12:37:20","slug":"le-monument-aux-morts-de-montreux-vieux","status":"publish","type":"page","link":"https:\/\/montreux-vieux.net\/?page_id=9832","title":{"rendered":"Le monument aux morts de Montreux-Vieux."},"content":{"rendered":"<h3 style=\"text-align: center;\">Le monument aux morts de Montreux-Vieux.<\/h3>\n<p><a href=\"http:\/\/montreux-vieux.net\/montreux-vieux.net\/wp-content\/uploads\/2017\/10\/Montreux-Vieux-7.jpg\" target=\"_blank\" rel=\"noopener noreferrer\"><img loading=\"lazy\" decoding=\"async\" class=\"aligncenter wp-image-9830 size-full\" src=\"http:\/\/montreux-vieux.net\/montreux-vieux.net\/wp-content\/uploads\/2017\/10\/Montreux-Vieux-7.jpg\" alt=\"Le monument aux morts de Montreux-Vieux.\" width=\"945\" height=\"756\" srcset=\"https:\/\/montreux-vieux.net\/montreux-vieux.net\/wp-content\/uploads\/2017\/10\/Montreux-Vieux-7.jpg 945w, https:\/\/montreux-vieux.net\/montreux-vieux.net\/wp-content\/uploads\/2017\/10\/Montreux-Vieux-7-300x240.jpg 300w, https:\/\/montreux-vieux.net\/montreux-vieux.net\/wp-content\/uploads\/2017\/10\/Montreux-Vieux-7-768x614.jpg 768w, https:\/\/montreux-vieux.net\/montreux-vieux.net\/wp-content\/uploads\/2017\/10\/Montreux-Vieux-7-600x480.jpg 600w\" sizes=\"auto, (max-width: 945px) 100vw, 945px\" \/><\/a><\/p>\n<h4>Le monument aux morts de Montreux-Vieux est implant\u00e9 sur le terrain de l\u2019\u00e9glise paroissiale Saint-Alban. Il s\u2019agit d\u2019une st\u00e8le en marbre \u00e9rig\u00e9e sur un socle de ciment qui est entour\u00e9 d\u2019une cl\u00f4ture munie d\u2019un portillon. Le th\u00e8me du monument \u00ab\u00a0Enfants de la commune tomb\u00e9s au champs d\u2019honneur\u00a0 pendant la guerre 1914-1918\u00a0\u00bb.<\/h4>\n<h4>C\u2019est lors de la r\u00e9union du conseil municipal du 26 novembre 1921 que l\u2019assembl\u00e9e d\u00e9lib\u00e9rante a pris l\u2019initiative de faire \u00e9riger dans la commune de Montreux-Vieux un monument aux enfants du village tomb\u00e9s au champs d\u2019honneur pendant la guerre de 1914-1918 et dans ce but a nomm\u00e9 une commission compos\u00e9e de trois membres Mrs Baumann Edmond, Freyburger Emile et Stierlin Joseph. Cette commission a \u00e9t\u00e9 charg\u00e9e de centraliser les moyeux n\u00e9cessaires \u00e0 l\u2019\u00e9rection du dit monument et de faire toutes les d\u00e9marches \u00e0 ce sujet.<\/h4>\n<h4>Lors de la s\u00e9ance du 21 janvier 1922 Monsieur Baumann a demand\u00e9 au conseil municipal de voter un cr\u00e9dit de 1\u00a0000 F pour les travaux de celui-ci mais l\u2019assembl\u00e9e d\u00e9lib\u00e9rante a refus\u00e9 par sept voix contre, une voix pour et une voix sans valeur. Ce n\u2019est que le 25 mars 1929 soit 7 ann\u00e9es apr\u00e8s que le conseil municipal a\u00a0 vot\u00e9 un cr\u00e9dit de 2\u00a0000 F au comit\u00e9 form\u00e9 pour l\u2019occasion, en vue de l\u2019\u00e9rection du monument. La date de l\u2019inauguration est inconnue mais le 9 novembre 1929 le Maire a soumis au conseil Municipal les factures concernant le montant des travaux et les frais d\u2019inauguration s\u2019\u00e9levant \u00e0 1\u00a0636,95 F. Le conseil a vot\u00e9 les cr\u00e9dits n\u00e9cessaires au paiement des factures.<\/h4>\n<h4>Sur le monument sont inscrits\u00a0:<\/h4>\n<h4>La liste des morts de la commune de Montreux-Vieux\u00a0inscrits sur le monument aux morts. Conflit 1914 \u2013 1918<\/h4>\n<h4>BOHLY Charles, \u00a0\u00a0BRAUNSTEDTER \u00a0Marcel, \u00a0CATTE \u00a0Roland, \u00a0CUENIN \u00a0Germain, DENNINGER Albert, \u00a0FOERSTER \u00a0Alban, \u00a0\u00a0GEVRIER \u00a0Jules, \u00a0MUNSCH \u00a0Eug\u00e8ne, \u00a0PATAT L\u00e9on, \u00a0PIERROT\u00a0\u00a0\u00a0\u00a0\u00a0\u00a0\u00a0 Alphonse, \u00a0SUTTER \u00a0 Alfred, \u00a0\u00a0 SUTTER \u00a0 Joseph,\u00a0 \u00a0WUST Gustave<\/h4>\n<h4>Le liste des morts figurants sur le Monument aux morts,\u00a0Conflit 1939 &#8211; 1945<\/h4>\n<h4>AMBIEHL Albert,\u00a0BESANCON L\u00e9on,\u00a0BIENTZ Joseph, Eug\u00e8ne,\u00a0DIDIERLAURENT, Edouard, DIDIERLAURENT, Ren\u00e9,\u00a0HEBDING, Charles,\u00a0MONPOINT Louis,\u00a0PERNICENI Jean, \u00a0RICHARD Fernand, \u00a0RICHARD Paul,\u00a0\u00a0RINNER Albert, SCHNEIDER Albert,\u00a0 SCHULTZ Georges, \u00a0SEILER Auguste Charles Marcel<\/h4>\n\n\n<p>\u00a0MONTREUX-VIEUX. On va \u00e9lever un monument  aux enfants du village \u00a0Le maire s\u2019est inscrit pour 1\u00a0000 frs en t\u00eate de la liste qui circule \u00e0 cet effet<\/p>\n\n\n\n<p>Sources\u00a0: L\u2019Express de Mulhouse 10 septembre 1919<\/p>\n","protected":false},"excerpt":{"rendered":"<p>Le monument aux morts de Montreux-Vieux. Le monument aux morts de Montreux-Vieux est implant\u00e9 sur le terrain de l\u2019\u00e9glise paroissiale Saint-Alban. Il s\u2019agit d\u2019une st\u00e8le en marbre \u00e9rig\u00e9e sur un socle de ciment qui est entour\u00e9 d\u2019une cl\u00f4ture munie d\u2019un &hellip; <a href=\"https:\/\/montreux-vieux.net\/?page_id=9832\">Continuer la lecture <span class=\"meta-nav\">&rarr;<\/span><\/a><\/p>\n","protected":false},"author":1,"featured_media":0,"parent":13036,"menu_order":4,"comment_status":"closed","ping_status":"open","template":"","meta":{"footnotes":""},"class_list":["post-9832","page","type-page","status-publish","hentry"],"_links":{"self":[{"href":"https:\/\/montreux-vieux.net\/index.php?rest_route=\/wp\/v2\/pages\/9832","targetHints":{"allow":["GET"]}}],"collection":[{"href":"https:\/\/montreux-vieux.net\/index.php?rest_route=\/wp\/v2\/pages"}],"about":[{"href":"https:\/\/montreux-vieux.net\/index.php?rest_route=\/wp\/v2\/types\/page"}],"author":[{"embeddable":true,"href":"https:\/\/montreux-vieux.net\/index.php?rest_route=\/wp\/v2\/users\/1"}],"replies":[{"embeddable":true,"href":"https:\/\/montreux-vieux.net\/index.php?rest_route=%2Fwp%2Fv2%2Fcomments&post=9832"}],"version-history":[{"count":3,"href":"https:\/\/montreux-vieux.net\/index.php?rest_route=\/wp\/v2\/pages\/9832\/revisions"}],"predecessor-version":[{"id":21661,"href":"https:\/\/montreux-vieux.net\/index.php?rest_route=\/wp\/v2\/pages\/9832\/revisions\/21661"}],"up":[{"embeddable":true,"href":"https:\/\/montreux-vieux.net\/index.php?rest_route=\/wp\/v2\/pages\/13036"}],"wp:attachment":[{"href":"https:\/\/montreux-vieux.net\/index.php?rest_route=%2Fwp%2Fv2%2Fmedia&parent=9832"}],"curies":[{"name":"wp","href":"https:\/\/api.w.org\/{rel}","templated":true}]}}