{"id":9909,"date":"2017-10-22T12:37:07","date_gmt":"2017-10-22T11:37:07","guid":{"rendered":"http:\/\/montreux-vieux.net\/?page_id=9909"},"modified":"2019-02-03T16:06:06","modified_gmt":"2019-02-03T15:06:06","slug":"le-saviez-vous-apres-la-reconquete-de-mx-vx-la-poste-se-trouvait-chez-mina","status":"publish","type":"page","link":"https:\/\/montreux-vieux.net\/?page_id=9909","title":{"rendered":"Le saviez-vous ? Apr\u00e8s le bombardement du 13\/08\/1914 La Poste a \u00e9t\u00e9 transf\u00e9r\u00e9 chez \u00a0\u00ab\u00a0Mina\u00a0\u00bb"},"content":{"rendered":"<h3 style=\"text-align: center;\">La Poste se trouvait chez \u00a0Mina<\/h3>\n<h4>Apr\u00e8s le bombardement de la Poste du 13 ao\u00fbt 1914 le bureau a \u00e9t\u00e9 transf\u00e9r\u00e9 dans la maison Eichinger parents de Madame Dangel Wilhelmine dite \u00ab\u00a0Mina\u00a0\u00bb.<\/h4>\n<div id=\"attachment_9915\" style=\"width: 955px\" class=\"wp-caption aligncenter\"><a href=\"http:\/\/montreux-vieux.net\/montreux-vieux.net\/wp-content\/uploads\/2017\/10\/La-Poste-de-Montreux-Vieux-.jpg\" target=\"_blank\" rel=\"noopener\"><img loading=\"lazy\" decoding=\"async\" aria-describedby=\"caption-attachment-9915\" class=\"wp-image-9915 size-full\" src=\"http:\/\/montreux-vieux.net\/montreux-vieux.net\/wp-content\/uploads\/2017\/10\/La-Poste-de-Montreux-Vieux-.jpg\" alt=\"\" width=\"945\" height=\"756\" srcset=\"https:\/\/montreux-vieux.net\/montreux-vieux.net\/wp-content\/uploads\/2017\/10\/La-Poste-de-Montreux-Vieux-.jpg 945w, https:\/\/montreux-vieux.net\/montreux-vieux.net\/wp-content\/uploads\/2017\/10\/La-Poste-de-Montreux-Vieux--300x240.jpg 300w, https:\/\/montreux-vieux.net\/montreux-vieux.net\/wp-content\/uploads\/2017\/10\/La-Poste-de-Montreux-Vieux--768x614.jpg 768w, https:\/\/montreux-vieux.net\/montreux-vieux.net\/wp-content\/uploads\/2017\/10\/La-Poste-de-Montreux-Vieux--600x480.jpg 600w\" sizes=\"auto, (max-width: 945px) 100vw, 945px\" \/><\/a><p id=\"caption-attachment-9915\" class=\"wp-caption-text\">A gauche la Poste apr\u00e8s le bombardement du 13 ao\u00fbt 1914, \u00e0 droite la Poste transf\u00e9r\u00e9e chez \u00ab\u00a0Mina\u00a0\u00bb<\/p><\/div>\n<p><a href=\"http:\/\/montreux-vieux.net\/montreux-vieux.net\/wp-content\/uploads\/2017\/10\/Photos-div-2017-Germaine-21-octobre-2017-012.jpg\" target=\"_blank\" rel=\"noopener\"><img loading=\"lazy\" decoding=\"async\" class=\"aligncenter wp-image-9906 size-full\" src=\"http:\/\/montreux-vieux.net\/montreux-vieux.net\/wp-content\/uploads\/2017\/10\/Photos-div-2017-Germaine-21-octobre-2017-012.jpg\" alt=\"\" width=\"650\" height=\"488\" srcset=\"https:\/\/montreux-vieux.net\/montreux-vieux.net\/wp-content\/uploads\/2017\/10\/Photos-div-2017-Germaine-21-octobre-2017-012.jpg 650w, https:\/\/montreux-vieux.net\/montreux-vieux.net\/wp-content\/uploads\/2017\/10\/Photos-div-2017-Germaine-21-octobre-2017-012-300x225.jpg 300w, https:\/\/montreux-vieux.net\/montreux-vieux.net\/wp-content\/uploads\/2017\/10\/Photos-div-2017-Germaine-21-octobre-2017-012-600x450.jpg 600w\" sizes=\"auto, (max-width: 650px) 100vw, 650px\" \/><\/a><\/p>\n","protected":false},"excerpt":{"rendered":"<p>La Poste se trouvait chez \u00a0Mina Apr\u00e8s le bombardement de la Poste du 13 ao\u00fbt 1914 le bureau a \u00e9t\u00e9 transf\u00e9r\u00e9 dans la maison Eichinger parents de Madame Dangel Wilhelmine dite \u00ab\u00a0Mina\u00a0\u00bb.<\/p>\n","protected":false},"author":1,"featured_media":0,"parent":12673,"menu_order":34,"comment_status":"closed","ping_status":"open","template":"","meta":{"footnotes":""},"class_list":["post-9909","page","type-page","status-publish","hentry"],"_links":{"self":[{"href":"https:\/\/montreux-vieux.net\/index.php?rest_route=\/wp\/v2\/pages\/9909","targetHints":{"allow":["GET"]}}],"collection":[{"href":"https:\/\/montreux-vieux.net\/index.php?rest_route=\/wp\/v2\/pages"}],"about":[{"href":"https:\/\/montreux-vieux.net\/index.php?rest_route=\/wp\/v2\/types\/page"}],"author":[{"embeddable":true,"href":"https:\/\/montreux-vieux.net\/index.php?rest_route=\/wp\/v2\/users\/1"}],"replies":[{"embeddable":true,"href":"https:\/\/montreux-vieux.net\/index.php?rest_route=%2Fwp%2Fv2%2Fcomments&post=9909"}],"version-history":[{"count":5,"href":"https:\/\/montreux-vieux.net\/index.php?rest_route=\/wp\/v2\/pages\/9909\/revisions"}],"predecessor-version":[{"id":14612,"href":"https:\/\/montreux-vieux.net\/index.php?rest_route=\/wp\/v2\/pages\/9909\/revisions\/14612"}],"up":[{"embeddable":true,"href":"https:\/\/montreux-vieux.net\/index.php?rest_route=\/wp\/v2\/pages\/12673"}],"wp:attachment":[{"href":"https:\/\/montreux-vieux.net\/index.php?rest_route=%2Fwp%2Fv2%2Fmedia&parent=9909"}],"curies":[{"name":"wp","href":"https:\/\/api.w.org\/{rel}","templated":true}]}}