{"id":9959,"date":"2017-10-29T14:31:41","date_gmt":"2017-10-29T13:31:41","guid":{"rendered":"http:\/\/montreux-vieux.net\/?page_id=9959"},"modified":"2018-12-31T15:10:27","modified_gmt":"2018-12-31T14:10:27","slug":"9959-2","status":"publish","type":"page","link":"https:\/\/montreux-vieux.net\/?page_id=9959","title":{"rendered":"Le saviez-vous\u00a0? Les Alsaciens sont menac\u00e9s d\u2019\u00eatre fusill\u00e9s par les arm\u00e9es fran\u00e7aises &#038; allemandes."},"content":{"rendered":"<h3 style=\"text-align: center;\">Le saviez-vous&nbsp;? <u>Les Alsaciens sont menac\u00e9s d\u2019\u00eatre fusill\u00e9s par les arm\u00e9es fran\u00e7aises &amp; allemandes.<\/u><\/h3>\n<p><a href=\"http:\/\/montreux-vieux.net\/montreux-vieux.net\/wp-content\/uploads\/2017\/10\/Ajouter-quelques-lignes-dans-le-corps-du-texte-1.jpg\" target=\"_blank\" rel=\"noopener\"><img loading=\"lazy\" decoding=\"async\" class=\"aligncenter wp-image-9957 size-full\" src=\"http:\/\/montreux-vieux.net\/montreux-vieux.net\/wp-content\/uploads\/2017\/10\/Ajouter-quelques-lignes-dans-le-corps-du-texte-1.jpg\" alt=\"\" width=\"945\" height=\"756\" srcset=\"https:\/\/montreux-vieux.net\/montreux-vieux.net\/wp-content\/uploads\/2017\/10\/Ajouter-quelques-lignes-dans-le-corps-du-texte-1.jpg 945w, https:\/\/montreux-vieux.net\/montreux-vieux.net\/wp-content\/uploads\/2017\/10\/Ajouter-quelques-lignes-dans-le-corps-du-texte-1-300x240.jpg 300w, https:\/\/montreux-vieux.net\/montreux-vieux.net\/wp-content\/uploads\/2017\/10\/Ajouter-quelques-lignes-dans-le-corps-du-texte-1-768x614.jpg 768w, https:\/\/montreux-vieux.net\/montreux-vieux.net\/wp-content\/uploads\/2017\/10\/Ajouter-quelques-lignes-dans-le-corps-du-texte-1-600x480.jpg 600w\" sizes=\"auto, (max-width: 945px) 100vw, 945px\" \/><\/a><\/p>\n<h3><strong>1\/11\/1914 Proclamation du g\u00e9n\u00e9ral Dubail, commandant la 1<sup>\u00e8re<\/sup> arm\u00e9e&nbsp;: <\/strong><\/h3>\n<h4 style=\"text-align: justify;\"><em>\u00ab&nbsp;L\u2019Arm\u00e9e fran\u00e7aise est entr\u00e9e victorieuse en Alsace, apr\u00e8s avoir repouss\u00e9 victorieusement les Allemands. Les officiers et les soldats adressent aux Alsaciens un fraternel salut. Tous les Alsaciens ont accueilli l\u2019Arm\u00e9e Fran\u00e7aise avec enthousiasme. Le g\u00e9n\u00e9ral, commandant la 1<sup>\u00e8re<\/sup> Arm\u00e9e demande donc aux Alsaciens d\u2019observer rigoureusement les prescriptions suivantes qu\u2019il a d\u00e9j\u00e0 impos\u00e9es aux Fran\u00e7ais&nbsp;\u00bb.<\/em><\/h4>\n<h4 style=\"text-align: justify;\"><em>\u00ab&nbsp;Il est interdit \u00e0 tout civil de circuler en automobile ou motocyclette, \u00e0 bicyclette ou \u00e0 cheval, sans laissez-passer d\u00e9livr\u00e9 par le G\u00e9n\u00e9ral commandant l\u2019Arm\u00e9e. Toute infraction sera punie de la confiscation\u2026 et de l\u2019internement du d\u00e9linquant dans une forteresse\u2026 Toute personne qui circulera sans un permis r\u00e9gulier sera punie de l\u2019internement dans une forteresse. Il est d\u00e9fendu aux habitants du pays de pr\u00eater d\u2019une mani\u00e8re quelconque, aide et assistance \u00e0 l\u2019arm\u00e9e allemande. <span style=\"color: #ff0000;\">Seront fusill\u00e9es<\/span> toutes les personnes qui sans faire partie de l\u2019arm\u00e9e allemande, ni en porter l\u2019uniforme\u2026 En un mot, tous ceux qui causeront volontairement un pr\u00e9judice \u00e0 l\u2019Arm\u00e9e fran\u00e7aise&nbsp;\u00bb.<\/em><\/h4>\n<h3><strong>23\/08\/1914 : Avis du pr\u00e9fet allemand de Haute-Alsace&nbsp;:<\/strong><\/h3>\n<h4 style=\"text-align: justify;\"><em>\u00ab&nbsp;Sur l\u2019ordre du g\u00e9n\u00e9ral-commandant, si des habitants d\u2019une commune prennent part \u00e0 un combat contre nos troupes, non seulement ils <\/em><em>seront fusill\u00e9s<\/em><em>, mais le bourgmestre le sera \u00e9galement et la localit\u00e9 d\u00e9molie. Les troupes ont ordre de fusiller quiconque h\u00e9berge un Fran\u00e7ais. L\u2019acc\u00e8s des champs de bataille est s\u00e9v\u00e8rement interdit et permis seulement aux personnes munies d\u2019une autorisation du bourgmestre. Quiconque pillera les cadavres <span style=\"color: #ff0000;\">sera fusill\u00e9<\/span><\/em><span style=\"color: #ff0000;\">&nbsp;<\/span>\u00bb.<\/h4>\n","protected":false},"excerpt":{"rendered":"<p>Le saviez-vous&nbsp;? Les Alsaciens sont menac\u00e9s d\u2019\u00eatre fusill\u00e9s par les arm\u00e9es fran\u00e7aises &amp; allemandes. 1\/11\/1914 Proclamation du g\u00e9n\u00e9ral Dubail, commandant la 1\u00e8re arm\u00e9e&nbsp;: \u00ab&nbsp;L\u2019Arm\u00e9e fran\u00e7aise est entr\u00e9e victorieuse en Alsace, apr\u00e8s avoir repouss\u00e9 victorieusement les Allemands. Les officiers et les &hellip; <a href=\"https:\/\/montreux-vieux.net\/?page_id=9959\">Continuer la lecture <span class=\"meta-nav\">&rarr;<\/span><\/a><\/p>\n","protected":false},"author":1,"featured_media":0,"parent":12673,"menu_order":36,"comment_status":"closed","ping_status":"open","template":"","meta":{"footnotes":""},"class_list":["post-9959","page","type-page","status-publish","hentry"],"_links":{"self":[{"href":"https:\/\/montreux-vieux.net\/index.php?rest_route=\/wp\/v2\/pages\/9959","targetHints":{"allow":["GET"]}}],"collection":[{"href":"https:\/\/montreux-vieux.net\/index.php?rest_route=\/wp\/v2\/pages"}],"about":[{"href":"https:\/\/montreux-vieux.net\/index.php?rest_route=\/wp\/v2\/types\/page"}],"author":[{"embeddable":true,"href":"https:\/\/montreux-vieux.net\/index.php?rest_route=\/wp\/v2\/users\/1"}],"replies":[{"embeddable":true,"href":"https:\/\/montreux-vieux.net\/index.php?rest_route=%2Fwp%2Fv2%2Fcomments&post=9959"}],"version-history":[{"count":4,"href":"https:\/\/montreux-vieux.net\/index.php?rest_route=\/wp\/v2\/pages\/9959\/revisions"}],"predecessor-version":[{"id":13220,"href":"https:\/\/montreux-vieux.net\/index.php?rest_route=\/wp\/v2\/pages\/9959\/revisions\/13220"}],"up":[{"embeddable":true,"href":"https:\/\/montreux-vieux.net\/index.php?rest_route=\/wp\/v2\/pages\/12673"}],"wp:attachment":[{"href":"https:\/\/montreux-vieux.net\/index.php?rest_route=%2Fwp%2Fv2%2Fmedia&parent=9959"}],"curies":[{"name":"wp","href":"https:\/\/api.w.org\/{rel}","templated":true}]}}