{"id":9968,"date":"2017-10-30T11:02:58","date_gmt":"2017-10-30T10:02:58","guid":{"rendered":"http:\/\/montreux-vieux.net\/?page_id=9968"},"modified":"2018-10-27T16:05:34","modified_gmt":"2018-10-27T15:05:34","slug":"le-saviez-vous-il-y-avait-un-meunier-autrefois-a-montreux-vieux","status":"publish","type":"page","link":"https:\/\/montreux-vieux.net\/?page_id=9968","title":{"rendered":"Le saviez-vous il y avait un meunier autrefois \u00e0 Montreux-Vieux"},"content":{"rendered":"<h3 style=\"text-align: center;\">Le Moulin \u00e0 farine de Montreux-Vieux autrefois<\/h3>\n<div id=\"attachment_9964\" style=\"width: 955px\" class=\"wp-caption aligncenter\"><a href=\"http:\/\/montreux-vieux.net\/montreux-vieux.net\/wp-content\/uploads\/2017\/10\/Le-Moulin-des-Beusses-2.jpg\" target=\"_blank\" rel=\"noopener\"><img loading=\"lazy\" decoding=\"async\" aria-describedby=\"caption-attachment-9964\" class=\"wp-image-9964 size-full\" src=\"http:\/\/montreux-vieux.net\/montreux-vieux.net\/wp-content\/uploads\/2017\/10\/Le-Moulin-des-Beusses-2.jpg\" alt=\"\" width=\"945\" height=\"756\" srcset=\"https:\/\/montreux-vieux.net\/montreux-vieux.net\/wp-content\/uploads\/2017\/10\/Le-Moulin-des-Beusses-2.jpg 945w, https:\/\/montreux-vieux.net\/montreux-vieux.net\/wp-content\/uploads\/2017\/10\/Le-Moulin-des-Beusses-2-300x240.jpg 300w, https:\/\/montreux-vieux.net\/montreux-vieux.net\/wp-content\/uploads\/2017\/10\/Le-Moulin-des-Beusses-2-768x614.jpg 768w, https:\/\/montreux-vieux.net\/montreux-vieux.net\/wp-content\/uploads\/2017\/10\/Le-Moulin-des-Beusses-2-600x480.jpg 600w\" sizes=\"auto, (max-width: 945px) 100vw, 945px\" \/><\/a><p id=\"caption-attachment-9964\" class=\"wp-caption-text\">Attention, le moulin apparaissant sur cet image n&rsquo;est pas celui de l&rsquo;\u00e9poque.<\/p><\/div>\n<h4 style=\"text-align: justify;\">Autrefois \u00e0 Montreux-Vieux, il y avait un moulin \u00e0 farine situ\u00e9 au lieudit \u00ab\u00a0Vers le Moulin des Beusses\u00a0\u00bb. (pr\u00e8s de l&rsquo;\u00a0actuelle \u00a0station de pompage ). Son propri\u00e9taire se nommait Jolidon \u00a0Auguste. Ce moulin a fonctionn\u00e9 jusque dans les ann\u00e9es 1840, environ. Les agriculteurs lui apportaient les grains (bl\u00e9s, seigle, orge etc..) qu\u2019il devait moudre pour en extraire la farine. Il fonctionnait avec un syst\u00e8me hydraulique et pour cela il lui fallait de l\u2019eau. Cet \u00e9l\u00e9ment \u00e9tant indispensable,\u00a0 Monsieur Jolidon Auguste en avait m\u00eame le monopole. Au d\u00e9but de la construction de la voie ferr\u00e9e Paris-B\u00e2le vers 1856 de multiples probl\u00e8mes d\u2019eau sont apparus et plusieurs demandes d\u2019indemnit\u00e9s ont \u00e9t\u00e9 d\u00e9pos\u00e9es aupr\u00e8s des tribunaux y compris celle de la commune, qui par d\u00e9lib\u00e9ration du conseil municipal du 10 ao\u00fbt 1872, a demand\u00e9 une indemnit\u00e9 de 6\u00a0000 F parce qu\u2019elle ne pouvait plus utiliser l\u2019eau pour les propri\u00e9t\u00e9s communales.<\/h4>\n<h4 style=\"text-align: justify;\">Auguste Jolidon, malgr\u00e9 que son moulin ne fonctionnait plus depuis les ann\u00e9es 1840 mais comme il poss\u00e9dait le monopole \u00a0a \u00e9t\u00e9 le plus ferme opposant et a demand\u00e9 apr\u00e8s un premier refus (lettre du 27 juillet 1895 du Pr\u00e9fet) une nouvelle indemnit\u00e9 de 2\u00a0000 marks. En date du 22 f\u00e9vrier 1896 il essuie un nouvel \u00e9chec pour la raison que son moulin n&rsquo;est plus en activit\u00e9 depuis un certain nombre d&rsquo;ann\u00e9es.<\/h4>\n<h4 style=\"text-align: justify;\">C\u2019est parce qu\u2019il y avait ce moulin \u00e0 farine sur ce lieudit que la rue jouxtant ce secteur a \u00e9t\u00e9 nomm\u00e9e Rue du Moulin.<\/h4>\n<h4>Note compl\u00e9mentaire du 28\/10\/2018 Trace d&rsquo;une meunier en r\u00e9sidence \u00e0 Montreux-Vieux le 24 avril 1689\u00a0Me Isaac MONTANDON (acqu\u00e9reur)\u00a0meunier, r\u00e9sidence : Montreux-Vieux<\/h4>\n<h4>Note compl\u00e9mentaire: En 1788 il y a une trace d&rsquo;un meunier\u00a0 M.\u00a0Fran\u00e7ois SITTEO\u00a0, origine : Bretten , r\u00e9sidence : les Beusses sources: (Lisa)<\/h4>\n","protected":false},"excerpt":{"rendered":"<p>Le Moulin \u00e0 farine de Montreux-Vieux autrefois Autrefois \u00e0 Montreux-Vieux, il y avait un moulin \u00e0 farine situ\u00e9 au lieudit \u00ab\u00a0Vers le Moulin des Beusses\u00a0\u00bb. (pr\u00e8s de l&rsquo;\u00a0actuelle \u00a0station de pompage ). Son propri\u00e9taire se nommait Jolidon \u00a0Auguste. Ce moulin &hellip; <a href=\"https:\/\/montreux-vieux.net\/?page_id=9968\">Continuer la lecture <span class=\"meta-nav\">&rarr;<\/span><\/a><\/p>\n","protected":false},"author":1,"featured_media":0,"parent":1502,"menu_order":28,"comment_status":"closed","ping_status":"open","template":"","meta":{"footnotes":""},"class_list":["post-9968","page","type-page","status-publish","hentry"],"_links":{"self":[{"href":"https:\/\/montreux-vieux.net\/index.php?rest_route=\/wp\/v2\/pages\/9968","targetHints":{"allow":["GET"]}}],"collection":[{"href":"https:\/\/montreux-vieux.net\/index.php?rest_route=\/wp\/v2\/pages"}],"about":[{"href":"https:\/\/montreux-vieux.net\/index.php?rest_route=\/wp\/v2\/types\/page"}],"author":[{"embeddable":true,"href":"https:\/\/montreux-vieux.net\/index.php?rest_route=\/wp\/v2\/users\/1"}],"replies":[{"embeddable":true,"href":"https:\/\/montreux-vieux.net\/index.php?rest_route=%2Fwp%2Fv2%2Fcomments&post=9968"}],"version-history":[{"count":4,"href":"https:\/\/montreux-vieux.net\/index.php?rest_route=\/wp\/v2\/pages\/9968\/revisions"}],"predecessor-version":[{"id":11485,"href":"https:\/\/montreux-vieux.net\/index.php?rest_route=\/wp\/v2\/pages\/9968\/revisions\/11485"}],"up":[{"embeddable":true,"href":"https:\/\/montreux-vieux.net\/index.php?rest_route=\/wp\/v2\/pages\/1502"}],"wp:attachment":[{"href":"https:\/\/montreux-vieux.net\/index.php?rest_route=%2Fwp%2Fv2%2Fmedia&parent=9968"}],"curies":[{"name":"wp","href":"https:\/\/api.w.org\/{rel}","templated":true}]}}