{"id":9993,"date":"2017-11-01T11:41:46","date_gmt":"2017-11-01T10:41:46","guid":{"rendered":"http:\/\/montreux-vieux.net\/?page_id=9993"},"modified":"2018-12-31T15:11:40","modified_gmt":"2018-12-31T14:11:40","slug":"le-saviez-vous-lenterrement-du-soldat-camille-augier","status":"publish","type":"page","link":"https:\/\/montreux-vieux.net\/?page_id=9993","title":{"rendered":"Le saviez-vous ? L\u2019enterrement du soldat Camille Augier"},"content":{"rendered":"<h3 style=\"text-align: center;\">L\u2019enterrement du soldat Camille Augier<\/h3>\n<h4 style=\"text-align: justify;\">Le 1<sup>er<\/sup> septembre 1914 le corps du soldat Camille Augier, d\u00e9c\u00e9d\u00e9 \u00e0 Suarce a \u00e9t\u00e9 transport\u00e9 \u00e0 l\u2019\u00e9glise Saint Alban de Montreux-Vieux. Le 2 septembre 1914 a eu l\u2019enterrement. Il fut grandiose; une foule importante de soldats \u00e9tait pr\u00e9sente mais aussi trois colonels ainsi qu\u2019un escadron de Dragons venu de Montreux-Ch\u00e2teau. Au cimeti\u00e8re le Colonel Richard a pris la parole. Son nom figure sur le monument aux morts ainsi que sur le vitrail Sainte Jeanne d\u2019Arc de l\u2019\u00e9glise de Montreux-Vieux.<\/h4>\n<div id=\"attachment_9991\" class=\"wp-caption aligncenter\"><a href=\"http:\/\/montreux-vieux.net\/montreux-vieux.net\/wp-content\/uploads\/2017\/11\/la-grande-guerre.jpg\" target=\"_blank\" rel=\"noopener\"><img loading=\"lazy\" decoding=\"async\" class=\"wp-image-9991 size-full\" src=\"http:\/\/montreux-vieux.net\/montreux-vieux.net\/wp-content\/uploads\/2017\/11\/la-grande-guerre.jpg\" sizes=\"auto, (max-width: 945px) 100vw, 945px\" srcset=\"http:\/\/montreux-vieux.net\/montreux-vieux.net\/wp-content\/uploads\/2017\/11\/la-grande-guerre.jpg 945w, http:\/\/montreux-vieux.net\/montreux-vieux.net\/wp-content\/uploads\/2017\/11\/la-grande-guerre-300x240.jpg 300w, http:\/\/montreux-vieux.net\/montreux-vieux.net\/wp-content\/uploads\/2017\/11\/la-grande-guerre-768x614.jpg 768w, http:\/\/montreux-vieux.net\/montreux-vieux.net\/wp-content\/uploads\/2017\/11\/la-grande-guerre-600x480.jpg 600w\" alt=\"\" width=\"945\" height=\"756\"><\/a><\/div>\n","protected":false},"excerpt":{"rendered":"<p>L\u2019enterrement du soldat Camille Augier Le 1er septembre 1914 le corps du soldat Camille Augier, d\u00e9c\u00e9d\u00e9 \u00e0 Suarce a \u00e9t\u00e9 transport\u00e9 \u00e0 l\u2019\u00e9glise Saint Alban de Montreux-Vieux. Le 2 septembre 1914 a eu l\u2019enterrement. Il fut grandiose; une foule importante &hellip; <a href=\"https:\/\/montreux-vieux.net\/?page_id=9993\">Continuer la lecture <span class=\"meta-nav\">&rarr;<\/span><\/a><\/p>\n","protected":false},"author":1,"featured_media":0,"parent":12673,"menu_order":38,"comment_status":"closed","ping_status":"open","template":"","meta":{"footnotes":""},"class_list":["post-9993","page","type-page","status-publish","hentry"],"_links":{"self":[{"href":"https:\/\/montreux-vieux.net\/index.php?rest_route=\/wp\/v2\/pages\/9993","targetHints":{"allow":["GET"]}}],"collection":[{"href":"https:\/\/montreux-vieux.net\/index.php?rest_route=\/wp\/v2\/pages"}],"about":[{"href":"https:\/\/montreux-vieux.net\/index.php?rest_route=\/wp\/v2\/types\/page"}],"author":[{"embeddable":true,"href":"https:\/\/montreux-vieux.net\/index.php?rest_route=\/wp\/v2\/users\/1"}],"replies":[{"embeddable":true,"href":"https:\/\/montreux-vieux.net\/index.php?rest_route=%2Fwp%2Fv2%2Fcomments&post=9993"}],"version-history":[{"count":2,"href":"https:\/\/montreux-vieux.net\/index.php?rest_route=\/wp\/v2\/pages\/9993\/revisions"}],"predecessor-version":[{"id":13221,"href":"https:\/\/montreux-vieux.net\/index.php?rest_route=\/wp\/v2\/pages\/9993\/revisions\/13221"}],"up":[{"embeddable":true,"href":"https:\/\/montreux-vieux.net\/index.php?rest_route=\/wp\/v2\/pages\/12673"}],"wp:attachment":[{"href":"https:\/\/montreux-vieux.net\/index.php?rest_route=%2Fwp%2Fv2%2Fmedia&parent=9993"}],"curies":[{"name":"wp","href":"https:\/\/api.w.org\/{rel}","templated":true}]}}